{"id":1596,"date":"2023-12-05T15:34:28","date_gmt":"2023-12-05T20:34:28","guid":{"rendered":"https:\/\/www.m2assurance.com\/declaration-de-confidentialite\/"},"modified":"2023-12-05T16:15:53","modified_gmt":"2023-12-05T21:15:53","slug":"confidentiality-declaration","status":"publish","type":"page","link":"https:\/\/www.m2assurance.com\/en\/confidentiality-declaration\/","title":{"rendered":"Confidentiality declaration"},"content":{"rendered":"<div class=\"wpb-content-wrapper\"><p>[vc_row css_animation=&#8221;&#8221; row_type=&#8221;row&#8221; use_row_as_full_screen_section=&#8221;no&#8221; type=&#8221;full_width&#8221; angled_section=&#8221;no&#8221; text_align=&#8221;left&#8221; background_image_as_pattern=&#8221;without_pattern&#8221; css=&#8221;.vc_custom_1701810482184{padding-bottom: 50px !important;}&#8221; z_index=&#8221;&#8221;][vc_column][vc_column_text]\n<!-- Legal document generated by Complianz | GDPR\/CCPA Cookie Consent https:\/\/wordpress.org\/plugins\/complianz-gdpr -->\n<div id=\"cmplz-document\" class=\"cmplz-document privacy-statement cmplz-document-ca\"><p><i>This privacy statement was last changed on December 5, 2023, last checked on December 5, 2023, and applies to citizens and legal permanent residents of Canada.<\/i><br \/><br \/><\/p><p>In this privacy statement, we explain what we do with the data we obtain about you via <a href=\"https:\/\/www.m2assurance.com\/en\/\">https:\/\/www.m2assurance.com\/en\/<\/a>. We recommend you carefully read this statement. In our processing we comply with the requirements of privacy legislation. That means, among other things, that:<ul>\n                <li>we clearly state the purposes for which we process personal data. We do this by means of this privacy statement;<\/li>\n                <li>we aim to limit our collection of personal data to only the personal data required for legitimate purposes;<\/li>\n                <li>we first request your explicit consent to process your personal data in cases requiring your consent;<\/li>\n                <li>we take appropriate security measures to protect your personal data and also require this from parties that process personal data on our behalf;<\/li>\n                <li>we respect your right to access your personal data or have it corrected or deleted, at your request.<\/li>\n            <\/ul><\/p>If you have any questions, or want to know exactly what data we keep of you, please contact us.<h2>1. Purpose and categories of data<\/h2><p>We may collect or receive personal information for a number of purposes connected with our business operations which may include the following: (click to expand)<\/b><\/p><details class=\"cmplz-dropdown dropdown-privacy-statement\"><summary><div><h3>1.1 Contact - Through phone, mail, email and\/or webforms<\/h3><\/div><\/summary><p class=\"cmplz-subtitle\">The following categories of data are collected<\/p><p><ul><li>A first and last name<\/li><li>An email address<\/li><li>A telephone number<\/li><li>IP Address<\/li><li>Internet activity information, including, but not limited to, browsing history, search history, and information regarding a consumer&#039;s interaction with an Internet Web site, application, or advertisement<\/li><\/ul><\/p><p class=\"cmplz-subtitle\">Retention period<\/p><p>We retain this data until the service is terminated.<\/p><\/details><details class=\"cmplz-dropdown dropdown-privacy-statement\"><summary><div><h3>1.2 To support services or products that a customer wants to buy or has purchased<\/h3><\/div><\/summary><p class=\"cmplz-subtitle\">The following categories of data are collected<\/p><p><ul><li>A first and last name<\/li><li>An email address<\/li><li>A telephone number<\/li><\/ul><\/p><p class=\"cmplz-subtitle\">Retention period<\/p><p>We retain this data until the service is terminated.<\/p><\/details><details class=\"cmplz-dropdown dropdown-privacy-statement\"><summary><div><h3>1.3 Compiling and analyzing statistics for website improvement.<\/h3><\/div><\/summary><p class=\"cmplz-subtitle\">The following categories of data are collected<\/p><p><ul><li>An email address<\/li><li>IP Address<\/li><\/ul><\/p><p class=\"cmplz-subtitle\">Retention period<\/p><p>We retain this data until the service is terminated.<\/p><\/details><details class=\"cmplz-dropdown dropdown-privacy-statement\"><summary><div><h3>1.4 To be able to comply with legal obligations<\/h3><\/div><\/summary><p class=\"cmplz-subtitle\">The following categories of data are collected<\/p><p><ul><li>A first and last name<\/li><li>An email address<\/li><li>IP Address<\/li><\/ul><\/p><p class=\"cmplz-subtitle\">Retention period<\/p><p>We retain this data until the service is terminated.<\/p><\/details><h2>2. Disclosure practices<\/h2><p><p>We disclose personal information if we are required by law or by a court order, in response to a law enforcement agency, to the extent permitted under other provisions of law, to provide information, or for an investigation on a matter related to public safety.<\/p><p>If our website or organisation is taken over, sold, or involved in a merger or acquisition, your details may be disclosed to our advisers and any prospective purchasers and will be passed on to the new owners.<\/p><\/p><h2>3. How we respond to Do Not Track signals &amp; Global Privacy Control <\/h2><p>Our website does not respond to and does not support the Do Not Track (DNT) header request field.<\/p><h2>4. Cookies<\/h2><p>Our website uses cookies. For more information about cookies, please refer to our Cookie Policy on our <a href=\"https:\/\/www.m2assurance.com\/en\/cookie-policy\/\">Cookie policy<\/a> webpage.&nbsp;<\/p><p>We have concluded a data Processing Agreement with Google.<\/p><p>Google may not use the data for any other Google services.<\/p><p>The inclusion of full IP addresses is blocked by us.<\/p><h2>5. Security<\/h2><p>We are committed to the security of personal data. We take appropriate security measures to limit abuse of and unauthorized access to personal data. This ensures that only the necessary persons have access to your data, that access to the data is protected, and that our security measures are regularly reviewed.<\/p><h2>6. Third party websites<\/h2><p>This privacy statement does not apply to third party websites connected by links on our website. We cannot guarantee that these third parties handle your personal data in a reliable or secure manner. We recommend you read the privacy statements of these websites prior to making use of these websites.<\/p><h2>7. Amendments to this privacy statement<\/h2><p>We reserve the right to make amendments to this privacy statement. It is recommended that you consult this privacy statement regularly in order to be aware of any changes. In addition, we will actively inform you wherever possible.<\/p><h2>8. Accessing and modifying your data<\/h2><p>If you have any questions or want to know which personal data we have about you, please contact us. Please make sure to always clearly state who you are, so that we can be certain that we do not modify or delete any data of the wrong person. We shall provide the requested information only upon receipt of a verifiable consumer request. You can contact us by using the information below.<\/p><p class=\"cmplz-subtitle\">8.1 You have the following rights with respect to your personal data<\/p><ol class=\"alphabetic\">\n                        <li>You may submit a request for access to the data we process about you.<\/li>\n                        <li>You may request an overview, in a commonly used format, of the data we process about you.<\/li>\n                        <li>You may request correction or deletion of the data if it is incorrect or not or no longer relevant. Where appropriate, the amended information shall be transmitted to third parties having access to the information in question.<\/li>\n                        <li>You have the right to withdraw consent at any time, subject to legal or contractual restrictions and reasonable notice. You will be informed of the implications of such withdrawal.<\/li>\n                        <li>You have the right to address a challenge concerning non-compliance with PIPEDA to our organization and, if the issue is not resolved, to the Office of the Privacy Commissioner of Canada.<\/li>\n                        <li>We shall give access to personal information in an alternative format to an individual with a sensory disability who has a right of access to personal information under PIPEDA and who requests that it be transmitted in the alternative format if (a) a version of the information already exists in that format; or (b) its conversion into that format is reasonable and necessary in order for the individual to be able to exercise rights.<\/li>\n                      <\/ol><h2>9. Children<\/h2><p>Our website is not designed to attract children and it is not our intent to collect personal data from children under the age of consent in their country of residence. We therefore request that children under the age of consent do not submit any personal data to us.<\/p><h2>10. Contact details<\/h2><p>M2 Assurances<br \/>\n        456 rue Aim\u00e9-Vincent, Vaudreuil-Dorion, J7V 5V5<br \/>\n        Canada<br \/>\n        Website: <a href=\"https:\/\/www.m2assurance.com\/en\/\">https:\/\/www.m2assurance.com\/en\/<\/a> <br \/>\n        Email: <span class=\"cmplz-obfuscate\">&#106;s&#108;@<span class=\"cmplz-fmail-domain\">&#101;x.&#099;&#111;m<\/span>m&#050;a&#115;s&#117;r&#097;nc&#101;.co&#109;<\/span> <br \/>\n        <br \/>\n        Phone number: 514-425-0505<\/p><h2>11. Data Requests<\/h2><p>For the most frequently submitted requests, we also offer you the possibility to use our data request form<br \/>\t\t\t<div class=\"cmplz-datarequest cmplz-alert\">\n\t\t\t\t<span class=\"cmplz-close\">&times;<\/span>\n\t\t\t\t<span id=\"cmplz-message\"><\/span>\n\t\t\t<\/div>\n\t\t\t<form id=\"cmplz-datarequest-form\">\n\t\t\t\t<input type=\"hidden\" required value=\"ca\" name=\"cmplz_datarequest_region\" id=\"cmplz_datarequest_region\">\n\n\t\t\t\t<label for=\"cmplz_datarequest_firstname\" class=\"cmplz-first-name\">Name\t\t\t\t\t<input type=\"search\" class=\"datarequest-firstname\" value=\"\" placeholder=\"your first name\" id=\"cmplz_datarequest_firstname\" name=\"cmplz_datarequest_firstname\">\n\t\t\t\t<\/label>\n\t\t\t\t<div>\n\t\t\t\t\t<label for=\"cmplz_datarequest_name\">Name<\/label>\n\t\t\t\t\t<input type=\"text\" required value=\"\" placeholder=\"Your name\" id=\"cmplz_datarequest_name\" name=\"cmplz_datarequest_name\">\n\t\t\t\t<\/div>\n\t\t\t\t<div>\n\t\t\t\t\t<label for=\"cmplz_datarequest_email\">Email<\/label>\n\t\t\t\t\t<input type=\"email\" required value=\"\" placeholder=\"email@email.com\" id=\"cmplz_datarequest_email\" name=\"cmplz_datarequest_email\">\n\t\t\t\t<\/div>\n\t\t\t\t\t\t\t\t\t\t<div class=\"cmplz_datarequest cmplz_datarequest_request_for_access\">\n\t\t\t\t\t\t\t<label for=\"cmplz_datarequest_request_for_access\">\n\t\t\t\t\t\t\t\t<input type=\"checkbox\" value=\"1\" name=\"cmplz_datarequest_request_for_access\" id=\"cmplz_datarequest_request_for_access\" \/>\n\t\t\t\t\t\t\t\tSubmit a request for access to the data we process about you.\t\t\t\t\t\t\t<\/label>\n\t\t\t\t\t\t<\/div>\n\t\t\t\t\t\t\t\t\t\t<div class=\"cmplz_datarequest cmplz_datarequest_right_to_be_forgotten\">\n\t\t\t\t\t\t\t<label for=\"cmplz_datarequest_right_to_be_forgotten\">\n\t\t\t\t\t\t\t\t<input type=\"checkbox\" value=\"1\" name=\"cmplz_datarequest_right_to_be_forgotten\" id=\"cmplz_datarequest_right_to_be_forgotten\" \/>\n\t\t\t\t\t\t\t\tSubmit a request for deletion of the data if it is no longer relevant.\t\t\t\t\t\t\t<\/label>\n\t\t\t\t\t\t<\/div>\n\t\t\t\t\t\t\t\t\t\t<div class=\"cmplz_datarequest cmplz_datarequest_right_to_data_portability\">\n\t\t\t\t\t\t\t<label for=\"cmplz_datarequest_right_to_data_portability\">\n\t\t\t\t\t\t\t\t<input type=\"checkbox\" value=\"1\" name=\"cmplz_datarequest_right_to_data_portability\" id=\"cmplz_datarequest_right_to_data_portability\" \/>\n\t\t\t\t\t\t\t\tSubmit a request to receive an export file of the data we process about you.\t\t\t\t\t\t\t<\/label>\n\t\t\t\t\t\t<\/div>\n\t\t\t\t\t\t\t\t<input type=\"button\" id=\"cmplz-datarequest-submit\" value=\"Send\">\n\t\t\t<\/form>\n\n\t\t\t<style>\n\t\t\t\t\/* first-name is honeypot *\/\n\t\t\t\t.cmplz-first-name {\n\t\t\t\t\tposition: absolute !important;\n\t\t\t\t\tleft: -5000px !important;\n\t\t\t\t}\n\t\t\t<\/style>\n\t\t\t<\/p><p>We have appointed a contact person for the organization\u2019s policies and practices and to whom complaints or inquiries can be forwarded:<br \/>Jean-S\u00e9bastien Larocque Directeur g\u00e9n\u00e9ral, associ\u00e9 et courtier en assurance de dommages.<br \/>456 rue Aim\u00e9-Vincent, Vaudreuil-Dorion, J7V 5V5<br \/>\nCourriel : jsl@m2assurance.com<\/p><h2>Annex<\/h2><p><h2>WPML<\/h2><p>WPML uses cookies to identify the visitor's current language, the language most recently viewed, and the language of users who have logged in.<\/p><p>When you use the plugin, WPML will share data about the site through Installer. No data directly concerning the user will be shared.<\/p><h2>WPML Translation Management<\/h2><p>WPML Translation Management will send the email address and name of each assigned manager and translator as well as the content itself to the Advanced Translation Editor and the translation services used.<\/p><h2>WPML String Translation<\/h2><p>WPML String Translation will send all strings to the WPML Advanced Translation Editor and the translation services used.<\/p><h2>Really Simple SSL<\/h2><p>Really Simple SSL and Really Simple SSL modules do not process any personally identifiable information, so GDPR does not apply to these extensions or the use of these extensions on your website. You can find our privacy policy<a href=\"https:\/\/really-simple-ssl.com\/privacy-statement\/\">here<\/a>.<\/p><h2>Complianz | The Privacy Suite for WordPress<\/h2><p>This website uses the Complianz Privacy Suite for WordPress to collect and store consent based on browser and device. For this functionality, your IP address is anonymized and stored in our database. This service does not process any personally identifiable information and does not share any data with the service provider. For more information, see the <a href=\"https:\/\/complianz.io\/legal\/privacy-statement\/\">Confidentiality declaration<\/a> of Complianz.<\/p><h2>Hustle<\/h2><h2>Which modules collect personal data?<\/h2><p>If you are using Hustle to create and integrate a Pop-up, Embed, Slide-in, or Social sharing module, you may need to mention it here to properly distinguish it from other plugins.<\/p><h2>What personal data do we collect and why?<\/h2><p>When visitors or users submit a form or view a module, we capture the IP address for analysis purposes. We also capture the email address and may capture other personal data included in the form fields.<\/p><h2>How long do we keep your data<\/h2><p>When visitors or users submit a form or view a module, we retain the data for 30 days.<\/p><h2>Cookies<\/h2><p>By default, Hustle uses cookies to count how many times each module is viewed. Cookies can be used to manage other features such as display settings, used when a module should not be displayed for a certain period of time, if the user has already commented, if the user has subscribed , among other things, if its associated settings are enabled.<\/p><h2>Slider Revolution<\/h2><h3>Google Web Fonts<\/h3><p>For consistent font representation, this page uses web fonts provided by Google. When you open a page, your browser loads the required web fonts into your browser's cache to display the texts and fonts correctly.<\/p><p>To do this, your browser must establish a direct connection to Google's servers. Google thus becomes aware that our website was accessed via your IP address. The use of Google web fonts is in the interest of a uniform and attractive presentation of our plugin. This constitutes a justified interest within the meaning of art. 6 (1) (f) DSGVO.<\/p><p>If your browser does not support web fonts, a standard font is used by your computer.<\/p><p>Further information on the processing of user data is available at https:\/\/developers.google.com\/fonts\/faq and in Google's privacy policy at https:\/\/www.google.com\/policies\/privacy\/.<\/p><h2>\u00a0<\/h2><\/p><\/div>[\/vc_column_text][\/vc_column][\/vc_row]<\/p>\n<\/div>","protected":false},"excerpt":{"rendered":"<p>[vc_row css_animation=&#8221;&#8221; row_type=&#8221;row&#8221; use_row_as_full_screen_section=&#8221;no&#8221; type=&#8221;full_width&#8221; angled_section=&#8221;no&#8221; text_align=&#8221;left&#8221; background_image_as_pattern=&#8221;without_pattern&#8221; css=&#8221;.vc_custom_1701810482184{padding-bottom: 50px !important;}&#8221; z_index=&#8221;&#8221;][vc_column][vc_column_text][\/vc_column_text][\/vc_column][\/vc_row]<\/p>\n","protected":false},"author":4,"featured_media":0,"parent":0,"menu_order":0,"comment_status":"closed","ping_status":"closed","template":"","meta":{"footnotes":""},"class_list":["post-1596","page","type-page","status-publish","hentry"],"yoast_head":"<!-- This site is optimized with the Yoast SEO plugin v27.1.1 - https:\/\/yoast.com\/product\/yoast-seo-wordpress\/ -->\n<title>Confidentiality declaration - M2 Assurance<\/title>\n<meta name=\"robots\" content=\"index, follow, max-snippet:-1, max-image-preview:large, max-video-preview:-1\" \/>\n<link rel=\"canonical\" href=\"https:\/\/www.m2assurance.com\/en\/confidentiality-declaration\/\" \/>\n<meta property=\"og:locale\" content=\"en_US\" \/>\n<meta property=\"og:type\" content=\"article\" \/>\n<meta property=\"og:title\" content=\"Confidentiality declaration - M2 Assurance\" \/>\n<meta property=\"og:description\" content=\"[vc_row css_animation=&#8221;&#8221; row_type=&#8221;row&#8221; use_row_as_full_screen_section=&#8221;no&#8221; type=&#8221;full_width&#8221; angled_section=&#8221;no&#8221; text_align=&#8221;left&#8221; background_image_as_pattern=&#8221;without_pattern&#8221; css=&#8221;.vc_custom_1701810482184{padding-bottom: 50px !important;}&#8221; z_index=&#8221;&#8221;][vc_column][vc_column_text][\/vc_column_text][\/vc_column][\/vc_row]\" \/>\n<meta property=\"og:url\" content=\"https:\/\/www.m2assurance.com\/en\/confidentiality-declaration\/\" \/>\n<meta property=\"og:site_name\" content=\"M2 Assurance\" \/>\n<meta property=\"article:modified_time\" content=\"2023-12-05T21:15:53+00:00\" \/>\n<meta name=\"twitter:card\" content=\"summary_large_image\" \/>\n<meta name=\"twitter:label1\" content=\"Est. reading time\" \/>\n\t<meta name=\"twitter:data1\" content=\"1 minute\" \/>\n<script type=\"application\/ld+json\" class=\"yoast-schema-graph\">{\"@context\":\"https:\/\/schema.org\",\"@graph\":[{\"@type\":\"WebPage\",\"@id\":\"https:\/\/www.m2assurance.com\/en\/confidentiality-declaration\/\",\"url\":\"https:\/\/www.m2assurance.com\/en\/confidentiality-declaration\/\",\"name\":\"Confidentiality declaration - M2 Assurance\",\"isPartOf\":{\"@id\":\"https:\/\/www.m2assurance.com\/en\/#website\"},\"datePublished\":\"2023-12-05T20:34:28+00:00\",\"dateModified\":\"2023-12-05T21:15:53+00:00\",\"breadcrumb\":{\"@id\":\"https:\/\/www.m2assurance.com\/en\/confidentiality-declaration\/#breadcrumb\"},\"inLanguage\":\"en-US\",\"potentialAction\":[{\"@type\":\"ReadAction\",\"target\":[\"https:\/\/www.m2assurance.com\/en\/confidentiality-declaration\/\"]}]},{\"@type\":\"BreadcrumbList\",\"@id\":\"https:\/\/www.m2assurance.com\/en\/confidentiality-declaration\/#breadcrumb\",\"itemListElement\":[{\"@type\":\"ListItem\",\"position\":1,\"name\":\"Home\",\"item\":\"https:\/\/www.m2assurance.com\/en\/\"},{\"@type\":\"ListItem\",\"position\":2,\"name\":\"Confidentiality declaration\"}]},{\"@type\":\"WebSite\",\"@id\":\"https:\/\/www.m2assurance.com\/en\/#website\",\"url\":\"https:\/\/www.m2assurance.com\/en\/\",\"name\":\"M2 Assurance\",\"description\":\"\",\"potentialAction\":[{\"@type\":\"SearchAction\",\"target\":{\"@type\":\"EntryPoint\",\"urlTemplate\":\"https:\/\/www.m2assurance.com\/en\/?s={search_term_string}\"},\"query-input\":{\"@type\":\"PropertyValueSpecification\",\"valueRequired\":true,\"valueName\":\"search_term_string\"}}],\"inLanguage\":\"en-US\"}]}<\/script>\n<!-- \/ Yoast SEO plugin. -->","yoast_head_json":{"title":"Confidentiality declaration - M2 Assurance","robots":{"index":"index","follow":"follow","max-snippet":"max-snippet:-1","max-image-preview":"max-image-preview:large","max-video-preview":"max-video-preview:-1"},"canonical":"https:\/\/www.m2assurance.com\/en\/confidentiality-declaration\/","og_locale":"en_US","og_type":"article","og_title":"Confidentiality declaration - M2 Assurance","og_description":"[vc_row css_animation=&#8221;&#8221; row_type=&#8221;row&#8221; use_row_as_full_screen_section=&#8221;no&#8221; type=&#8221;full_width&#8221; angled_section=&#8221;no&#8221; text_align=&#8221;left&#8221; background_image_as_pattern=&#8221;without_pattern&#8221; css=&#8221;.vc_custom_1701810482184{padding-bottom: 50px !important;}&#8221; z_index=&#8221;&#8221;][vc_column][vc_column_text][\/vc_column_text][\/vc_column][\/vc_row]","og_url":"https:\/\/www.m2assurance.com\/en\/confidentiality-declaration\/","og_site_name":"M2 Assurance","article_modified_time":"2023-12-05T21:15:53+00:00","twitter_card":"summary_large_image","twitter_misc":{"Est. reading time":"1 minute"},"schema":{"@context":"https:\/\/schema.org","@graph":[{"@type":"WebPage","@id":"https:\/\/www.m2assurance.com\/en\/confidentiality-declaration\/","url":"https:\/\/www.m2assurance.com\/en\/confidentiality-declaration\/","name":"Confidentiality declaration - M2 Assurance","isPartOf":{"@id":"https:\/\/www.m2assurance.com\/en\/#website"},"datePublished":"2023-12-05T20:34:28+00:00","dateModified":"2023-12-05T21:15:53+00:00","breadcrumb":{"@id":"https:\/\/www.m2assurance.com\/en\/confidentiality-declaration\/#breadcrumb"},"inLanguage":"en-US","potentialAction":[{"@type":"ReadAction","target":["https:\/\/www.m2assurance.com\/en\/confidentiality-declaration\/"]}]},{"@type":"BreadcrumbList","@id":"https:\/\/www.m2assurance.com\/en\/confidentiality-declaration\/#breadcrumb","itemListElement":[{"@type":"ListItem","position":1,"name":"Home","item":"https:\/\/www.m2assurance.com\/en\/"},{"@type":"ListItem","position":2,"name":"Confidentiality declaration"}]},{"@type":"WebSite","@id":"https:\/\/www.m2assurance.com\/en\/#website","url":"https:\/\/www.m2assurance.com\/en\/","name":"M2 Assurance","description":"","potentialAction":[{"@type":"SearchAction","target":{"@type":"EntryPoint","urlTemplate":"https:\/\/www.m2assurance.com\/en\/?s={search_term_string}"},"query-input":{"@type":"PropertyValueSpecification","valueRequired":true,"valueName":"search_term_string"}}],"inLanguage":"en-US"}]}},"_links":{"self":[{"href":"https:\/\/www.m2assurance.com\/en\/wp-json\/wp\/v2\/pages\/1596","targetHints":{"allow":["GET"]}}],"collection":[{"href":"https:\/\/www.m2assurance.com\/en\/wp-json\/wp\/v2\/pages"}],"about":[{"href":"https:\/\/www.m2assurance.com\/en\/wp-json\/wp\/v2\/types\/page"}],"author":[{"embeddable":true,"href":"https:\/\/www.m2assurance.com\/en\/wp-json\/wp\/v2\/users\/4"}],"replies":[{"embeddable":true,"href":"https:\/\/www.m2assurance.com\/en\/wp-json\/wp\/v2\/comments?post=1596"}],"version-history":[{"count":1,"href":"https:\/\/www.m2assurance.com\/en\/wp-json\/wp\/v2\/pages\/1596\/revisions"}],"predecessor-version":[{"id":1597,"href":"https:\/\/www.m2assurance.com\/en\/wp-json\/wp\/v2\/pages\/1596\/revisions\/1597"}],"wp:attachment":[{"href":"https:\/\/www.m2assurance.com\/en\/wp-json\/wp\/v2\/media?parent=1596"}],"curies":[{"name":"wp","href":"https:\/\/api.w.org\/{rel}","templated":true}]}}