{"id":136,"date":"2018-02-06T20:57:30","date_gmt":"2018-02-06T20:57:30","guid":{"rendered":"http:\/\/m2assurance.com\/?page_id=136"},"modified":"2019-05-15T16:56:19","modified_gmt":"2019-05-15T16:56:19","slug":"transport","status":"publish","type":"page","link":"https:\/\/www.m2assurance.com\/fr\/transport\/","title":{"rendered":"Transport"},"content":{"rendered":"<div class=\"wpb-content-wrapper\"><p>[vc_row css_animation=\u00a0\u00bb\u00a0\u00bb row_type=\u00a0\u00bbrow\u00a0\u00bb use_row_as_full_screen_section=\u00a0\u00bbno\u00a0\u00bb type=\u00a0\u00bbfull_width\u00a0\u00bb angled_section=\u00a0\u00bbno\u00a0\u00bb text_align=\u00a0\u00bbleft\u00a0\u00bb background_image_as_pattern=\u00a0\u00bbwithout_pattern\u00a0\u00bb css=\u00a0\u00bb.vc_custom_1557252090644{padding-top: 20px !important;padding-bottom: 20px !important;background-color: #e2e1e1 !important;}\u00a0\u00bb z_index=\u00a0\u00bb\u00a0\u00bb][vc_column][vc_row_inner row_type=\u00a0\u00bbrow\u00a0\u00bb type=\u00a0\u00bbgrid\u00a0\u00bb text_align=\u00a0\u00bbleft\u00a0\u00bb css_animation=\u00a0\u00bb\u00a0\u00bb][vc_column_inner width=\u00a0\u00bb3\/5&Prime;][vc_single_image image=\u00a0\u00bb943&Prime; img_size=\u00a0\u00bbfull\u00a0\u00bb qode_css_animation=\u00a0\u00bb\u00a0\u00bb][\/vc_column_inner][vc_column_inner width=\u00a0\u00bb2\/5&Prime; css=\u00a0\u00bb.vc_custom_1557250580992{padding-top: 1em !important;}\u00a0\u00bb][vc_column_text]<\/p>\n<h3><span style=\"color: #3b3a3c;\">Pour obtenir une soumission<\/span><br \/>\n<span style=\"color: #3b3a3c;\">avec l\u2019un de nos courtiers certifi\u00e9s,<\/span><\/h3>\n<p>[\/vc_column_text][\/vc_column_inner][\/vc_row_inner][\/vc_column][\/vc_row][vc_row css_animation=\u00a0\u00bb\u00a0\u00bb row_type=\u00a0\u00bbrow\u00a0\u00bb use_row_as_full_screen_section=\u00a0\u00bbno\u00a0\u00bb type=\u00a0\u00bbfull_width\u00a0\u00bb angled_section=\u00a0\u00bbno\u00a0\u00bb text_align=\u00a0\u00bbleft\u00a0\u00bb background_image_as_pattern=\u00a0\u00bbwithout_pattern\u00a0\u00bb css=\u00a0\u00bb.vc_custom_1557250653857{padding-top: 20px !important;padding-bottom: 20px !important;}\u00a0\u00bb z_index=\u00a0\u00bb\u00a0\u00bb][vc_column][vc_row_inner row_type=\u00a0\u00bbrow\u00a0\u00bb type=\u00a0\u00bbgrid\u00a0\u00bb text_align=\u00a0\u00bbleft\u00a0\u00bb css_animation=\u00a0\u00bb\u00a0\u00bb][vc_column_inner width=\u00a0\u00bb3\/5&Prime;][\/vc_column_inner][vc_column_inner width=\u00a0\u00bb2\/5&Prime; css=\u00a0\u00bb.vc_custom_1557250580992{padding-top: 1em !important;}\u00a0\u00bb][vc_column_text]<\/p>\n<h2 style=\"font-size: 22px;\">514-425-0505<\/h2>\n<p>[\/vc_column_text][\/vc_column_inner][\/vc_row_inner][\/vc_column][\/vc_row][vc_row css_animation=\u00a0\u00bb\u00a0\u00bb row_type=\u00a0\u00bbrow\u00a0\u00bb use_row_as_full_screen_section=\u00a0\u00bbno\u00a0\u00bb type=\u00a0\u00bbgrid\u00a0\u00bb angled_section=\u00a0\u00bbno\u00a0\u00bb text_align=\u00a0\u00bbleft\u00a0\u00bb background_image_as_pattern=\u00a0\u00bbwithout_pattern\u00a0\u00bb css=\u00a0\u00bb.vc_custom_1557253268113{padding-bottom: 180px !important;}\u00a0\u00bb z_index=\u00a0\u00bb\u00a0\u00bb][vc_column width=\u00a0\u00bb1\/2&Prime; css=\u00a0\u00bb.vc_custom_1517948392163{padding-top: 30px !important;padding-right: 30px !important;padding-bottom: 30px !important;padding-left: 30px !important;background-color: #ffffff !important;}\u00a0\u00bb][vc_column_text]<\/p>\n<h2>L\u2019assurance transport pour les entreprises, c\u2019est aussi dans nos cordes!<\/h2>\n<p>On n\u2019assure pas une flotte de camions comme on le ferait pour un v\u00e9hicule de promenade. Pour les entreprises, les v\u00e9hicules sont souvent un actif de grande valeur pour lequel le moindre sinistre peut entra\u00eener des pertes d\u2019exploitation importantes. M\u00eame chose pour leur contenu! Pour les entreprises du secteur des transports, une bonne assurance peut vraiment faire la diff\u00e9rence. Demandez \u00e0 votre courtier qu\u2019il vous renseigne sur les fa\u00e7ons de vous prot\u00e9ger contre tous les risques inh\u00e9rents au transport.<\/p>\n<p>&nbsp;<\/p>\n<h2>L\u2019assurance transport\u00a0: un domaine hautement personnalis\u00e9<\/h2>\n<p>Imaginez que vous perdiez dans un accident toute une cargaison appartenant \u00e0 l\u2019un de vos clients. Sans une bonne assurance, vous risquez des probl\u00e8mes importants. Si votre entreprise se sp\u00e9cialise dans le transport de d\u00e9chets ou de mati\u00e8res dangereuses, vous risquez encore plus\u00a0: il vous faut donc en plus une bonne assurance responsabilit\u00e9 et une assurance pour les frais juridiques.<\/p>\n<p>&nbsp;<\/p>\n<p>Pour ce faire, il existe une formule de protection qu\u2019on appelle commun\u00e9ment \u00ab\u2009police \u00e0 trois t\u00eates\u2009\u00bb. Il s\u2019agit d\u2019un contrat qui couvre trois aspects, d\u2019o\u00f9 son nom. Ce type de contrat couvre les tracteurs et remorques (c\u2019est-\u00e0-dire le v\u00e9hicule), les marchandises transport\u00e9es (dommages directs) et offre en plus une assurance responsabilit\u00e9 civile g\u00e9n\u00e9rale.<\/p>\n<p>&nbsp;<\/p>\n<h2>Les produits compl\u00e9mentaires<\/h2>\n<p>Outre l\u2019assurance pour vos camions et leur contenu, vous devez pr\u00e9voir une assurance de frais juridiques, une protection pour les b\u00e2timents commerciaux et les cautionnements, et une assurance responsabilit\u00e9 \u00e0 l\u2019intention de vos chauffeurs, des dirigeants et des administrateurs de l\u2019entreprise, le cas \u00e9ch\u00e9ant.<\/p>\n<p>&nbsp;<\/p>\n<p>Demandez \u00e0 votre courtier\u00a0M2 Assurance de vous conseiller sur les meilleures protections pour votre secteur d\u2019activit\u00e9 et vos besoins. Apr\u00e8s s\u2019\u00eatre familiaris\u00e9 avec vos activit\u00e9s et votre entreprise, le courtier pourra dresser un profil des risques qui vous guettent et de l\u00e0, il pourra vous conseiller sur les meilleures protections \u00e0 adopter. Ainsi, vous serez assur\u00e9 dans une juste mesure, pour les risques concrets qui sont les v\u00f4tres.<\/p>\n<p>Vous pourrez par exemple souscrire une assurance pour les biens en transit si vous transportez les biens de tiers, souscrire des avenants pour le transport de biens de tr\u00e8s grande valeur (des \u0153uvres d\u2019art, par exemple) ou une assurance responsabilit\u00e9 l\u00e9gale pour transporteur ou pour courtier en transport. Votre courtier pourra aussi vous proposer de l\u2019assurance pour vos entrep\u00f4ts ou vos bureaux, votre garage ou votre centre d\u2019entretien des v\u00e9hicules. Parlez-en avec votre courtier\u00a0M2 Assurance\u00a0: vous constaterez vite qu\u2019en mati\u00e8re de transport, tout ou presque peut \u00eatre assur\u00e9.[\/vc_column_text]<div class=\"qode-specification-list\">\n\t\t<div class=\"qode-specification-list-text-holder\">\n\t\t<h3 class=\"qode-specification-list-title\">\n\t\t\tNous offrons nos services pour :\t\t<\/h3>\n\t\t<div class=\"qode-specification-list-items\">\n\t\t\t\t\t\t\t<div class=\"qode-specification-list-item\">\n\t\t\t\t\t<span class=\"qode-specification-list-item-label\">\n\t\t\t\t\t\tAssurance pour flottes de v\u00e9hicules\t\t\t\t\t<\/span>\n\t\t\t\t\t<span class=\"qode-specification-list-item-value\">\n\t\t\t\t\t\t\t\t\t\t\t<\/span>\n\t\t\t\t<\/div>\n\t\t\t\t\t\t\t<div class=\"qode-specification-list-item\">\n\t\t\t\t\t<span class=\"qode-specification-list-item-label\">\n\t\t\t\t\t\tAssurance pour voituriers 1 \u00e0 9 camions\t\t\t\t\t<\/span>\n\t\t\t\t\t<span class=\"qode-specification-list-item-value\">\n\t\t\t\t\t\t\t\t\t\t\t<\/span>\n\t\t\t\t<\/div>\n\t\t\t\t\t\t\t<div class=\"qode-specification-list-item\">\n\t\t\t\t\t<span class=\"qode-specification-list-item-label\">\n\t\t\t\t\t\tEntreprises en d\u00e9marrage\t\t\t\t\t<\/span>\n\t\t\t\t\t<span class=\"qode-specification-list-item-value\">\n\t\t\t\t\t\t\t\t\t\t\t<\/span>\n\t\t\t\t<\/div>\n\t\t\t\t\t\t\t<div class=\"qode-specification-list-item\">\n\t\t\t\t\t<span class=\"qode-specification-list-item-label\">\n\t\t\t\t\t\tCourtiers en transport \t\t\t\t\t<\/span>\n\t\t\t\t\t<span class=\"qode-specification-list-item-value\">\n\t\t\t\t\t\t\t\t\t\t\t<\/span>\n\t\t\t\t<\/div>\n\t\t\t\t\t\t\t<div class=\"qode-specification-list-item\">\n\t\t\t\t\t<span class=\"qode-specification-list-item-label\">\n\t\t\t\t\t\tCautionnements de douanes\t\t\t\t\t<\/span>\n\t\t\t\t\t<span class=\"qode-specification-list-item-value\">\n\t\t\t\t\t\t\t\t\t\t\t<\/span>\n\t\t\t\t<\/div>\n\t\t\t\t\t<\/div>\n\t<\/div>\n\t<\/div>[\/vc_column][vc_column width=\u00a0\u00bb1\/2&Prime;][vc_single_image image=\u00a0\u00bb575&Prime; img_size=\u00a0\u00bbfull\u00a0\u00bb alignment=\u00a0\u00bbcenter\u00a0\u00bb qode_css_animation=\u00a0\u00bb\u00a0\u00bb el_class=\u00a0\u00bbimg_resize\u00a0\u00bb][vc_column_text css=\u00a0\u00bb.vc_custom_1557253280589{padding-top: 128px !important;padding-bottom: 128px !important;background-image: url(http:\/\/m2assurance.com\/wp-content\/uploads\/2019\/05\/m2__IMAGE_RECTCharcoal.png?id=581) !important;background-position: center !important;background-repeat: no-repeat !important;background-size: contain !important;}\u00a0\u00bb]<\/p>\n<h3 class=\"text-bulle\"><span style=\"color: #ffffff;\">Hautement<\/span><br \/>\n<span style=\"color: #ffffff;\">personnalis\u00e9<\/span><\/h3>\n<p>[\/vc_column_text][vc_single_image image=\u00a0\u00bb576&Prime; img_size=\u00a0\u00bbfull\u00a0\u00bb alignment=\u00a0\u00bbcenter\u00a0\u00bb qode_css_animation=\u00a0\u00bb\u00a0\u00bb el_class=\u00a0\u00bbimg_resize\u00a0\u00bb][vc_column_text css=\u00a0\u00bb.vc_custom_1557492248465{margin-top: 30px !important;padding-bottom: 30px !important;}\u00a0\u00bb]Vous voulez obtenir une soumission \u00e0 votre renouvellement? Remplissez le formulaire ci-dessous et nous vous contacterons au moment opportun.[\/vc_column_text][vc_raw_html]JTVCY29udGFjdC1mb3JtLTclMjBpZCUzRCUyMjkxMCUyMiUyMHRpdGxlJTNEJTIyRm9ybSUyMGNhbWlvbnMlMjIlNUQ=[\/vc_raw_html][\/vc_column][\/vc_row]<\/p>\n<\/div>","protected":false},"excerpt":{"rendered":"<p>[vc_row css_animation=\u00a0\u00bb\u00a0\u00bb row_type=\u00a0\u00bbrow\u00a0\u00bb use_row_as_full_screen_section=\u00a0\u00bbno\u00a0\u00bb type=\u00a0\u00bbfull_width\u00a0\u00bb angled_section=\u00a0\u00bbno\u00a0\u00bb text_align=\u00a0\u00bbleft\u00a0\u00bb background_image_as_pattern=\u00a0\u00bbwithout_pattern\u00a0\u00bb css=\u00a0\u00bb.vc_custom_1557252090644{padding-top: 20px !important;padding-bottom: 20px !important;background-color: #e2e1e1 !important;}\u00a0\u00bb z_index=\u00a0\u00bb\u00a0\u00bb][vc_column][vc_row_inner row_type=\u00a0\u00bbrow\u00a0\u00bb type=\u00a0\u00bbgrid\u00a0\u00bb text_align=\u00a0\u00bbleft\u00a0\u00bb css_animation=\u00a0\u00bb\u00a0\u00bb][vc_column_inner width=\u00a0\u00bb3\/5&Prime;][vc_single_image image=\u00a0\u00bb943&Prime; img_size=\u00a0\u00bbfull\u00a0\u00bb qode_css_animation=\u00a0\u00bb\u00a0\u00bb][\/vc_column_inner][vc_column_inner width=\u00a0\u00bb2\/5&Prime; css=\u00a0\u00bb.vc_custom_1557250580992{padding-top: 1em !important;}\u00a0\u00bb][vc_column_text] Pour obtenir une soumission avec l\u2019un de nos courtiers certifi\u00e9s, [\/vc_column_text][\/vc_column_inner][\/vc_row_inner][\/vc_column][\/vc_row][vc_row css_animation=\u00a0\u00bb\u00a0\u00bb row_type=\u00a0\u00bbrow\u00a0\u00bb use_row_as_full_screen_section=\u00a0\u00bbno\u00a0\u00bb type=\u00a0\u00bbfull_width\u00a0\u00bb angled_section=\u00a0\u00bbno\u00a0\u00bb text_align=\u00a0\u00bbleft\u00a0\u00bb&#8230;<\/p>\n","protected":false},"author":7,"featured_media":0,"parent":0,"menu_order":0,"comment_status":"closed","ping_status":"closed","template":"full_width.php","meta":{"footnotes":""},"class_list":["post-136","page","type-page","status-publish","hentry"],"yoast_head":"<!-- This site is optimized with the Yoast SEO plugin v27.1.1 - https:\/\/yoast.com\/product\/yoast-seo-wordpress\/ -->\n<title>Assurance transport au Qu\u00e9bec | M2 Assurance<\/title>\n<meta name=\"description\" content=\"M2 Assurance offre des solutions d&#039;assurance de transport pour flottes de v\u00e9hicules et camions lourds. Pour en savior plus d&#039;informations, veuillez nous contacter au 514-425-0505.\" \/>\n<meta name=\"robots\" content=\"index, follow, max-snippet:-1, max-image-preview:large, max-video-preview:-1\" \/>\n<link rel=\"canonical\" href=\"https:\/\/www.m2assurance.com\/fr\/transport\/\" \/>\n<meta property=\"og:locale\" content=\"fr_FR\" \/>\n<meta property=\"og:type\" content=\"article\" \/>\n<meta property=\"og:title\" content=\"Assurance transport au Qu\u00e9bec | M2 Assurance\" \/>\n<meta property=\"og:description\" content=\"M2 Assurance offre des solutions d&#039;assurance de transport pour flottes de v\u00e9hicules et camions lourds. Pour en savior plus d&#039;informations, veuillez nous contacter au 514-425-0505.\" \/>\n<meta property=\"og:url\" content=\"https:\/\/www.m2assurance.com\/fr\/transport\/\" \/>\n<meta property=\"og:site_name\" content=\"M2 Assurance\" \/>\n<meta property=\"article:modified_time\" content=\"2019-05-15T16:56:19+00:00\" \/>\n<meta name=\"twitter:card\" content=\"summary_large_image\" \/>\n<meta name=\"twitter:label1\" content=\"Dur\u00e9e de lecture estim\u00e9e\" \/>\n\t<meta name=\"twitter:data1\" content=\"5 minutes\" \/>\n<script type=\"application\/ld+json\" class=\"yoast-schema-graph\">{\"@context\":\"https:\/\/schema.org\",\"@graph\":[{\"@type\":\"WebPage\",\"@id\":\"https:\/\/www.m2assurance.com\/fr\/transport\/\",\"url\":\"https:\/\/www.m2assurance.com\/fr\/transport\/\",\"name\":\"Assurance transport au Qu\u00e9bec | M2 Assurance\",\"isPartOf\":{\"@id\":\"https:\/\/www.m2assurance.com\/fr\/#website\"},\"datePublished\":\"2018-02-06T20:57:30+00:00\",\"dateModified\":\"2019-05-15T16:56:19+00:00\",\"description\":\"M2 Assurance offre des solutions d'assurance de transport pour flottes de v\u00e9hicules et camions lourds. Pour en savior plus d'informations, veuillez nous contacter au 514-425-0505.\",\"breadcrumb\":{\"@id\":\"https:\/\/www.m2assurance.com\/fr\/transport\/#breadcrumb\"},\"inLanguage\":\"fr-FR\",\"potentialAction\":[{\"@type\":\"ReadAction\",\"target\":[\"https:\/\/www.m2assurance.com\/fr\/transport\/\"]}]},{\"@type\":\"BreadcrumbList\",\"@id\":\"https:\/\/www.m2assurance.com\/fr\/transport\/#breadcrumb\",\"itemListElement\":[{\"@type\":\"ListItem\",\"position\":1,\"name\":\"Home\",\"item\":\"https:\/\/www.m2assurance.com\/fr\/\"},{\"@type\":\"ListItem\",\"position\":2,\"name\":\"Transport\"}]},{\"@type\":\"WebSite\",\"@id\":\"https:\/\/www.m2assurance.com\/fr\/#website\",\"url\":\"https:\/\/www.m2assurance.com\/fr\/\",\"name\":\"M2 Assurance\",\"description\":\"\",\"potentialAction\":[{\"@type\":\"SearchAction\",\"target\":{\"@type\":\"EntryPoint\",\"urlTemplate\":\"https:\/\/www.m2assurance.com\/fr\/?s={search_term_string}\"},\"query-input\":{\"@type\":\"PropertyValueSpecification\",\"valueRequired\":true,\"valueName\":\"search_term_string\"}}],\"inLanguage\":\"fr-FR\"}]}<\/script>\n<!-- \/ Yoast SEO plugin. -->","yoast_head_json":{"title":"Assurance transport au Qu\u00e9bec | M2 Assurance","description":"M2 Assurance offre des solutions d'assurance de transport pour flottes de v\u00e9hicules et camions lourds. Pour en savior plus d'informations, veuillez nous contacter au 514-425-0505.","robots":{"index":"index","follow":"follow","max-snippet":"max-snippet:-1","max-image-preview":"max-image-preview:large","max-video-preview":"max-video-preview:-1"},"canonical":"https:\/\/www.m2assurance.com\/fr\/transport\/","og_locale":"fr_FR","og_type":"article","og_title":"Assurance transport au Qu\u00e9bec | M2 Assurance","og_description":"M2 Assurance offre des solutions d'assurance de transport pour flottes de v\u00e9hicules et camions lourds. Pour en savior plus d'informations, veuillez nous contacter au 514-425-0505.","og_url":"https:\/\/www.m2assurance.com\/fr\/transport\/","og_site_name":"M2 Assurance","article_modified_time":"2019-05-15T16:56:19+00:00","twitter_card":"summary_large_image","twitter_misc":{"Dur\u00e9e de lecture estim\u00e9e":"5 minutes"},"schema":{"@context":"https:\/\/schema.org","@graph":[{"@type":"WebPage","@id":"https:\/\/www.m2assurance.com\/fr\/transport\/","url":"https:\/\/www.m2assurance.com\/fr\/transport\/","name":"Assurance transport au Qu\u00e9bec | M2 Assurance","isPartOf":{"@id":"https:\/\/www.m2assurance.com\/fr\/#website"},"datePublished":"2018-02-06T20:57:30+00:00","dateModified":"2019-05-15T16:56:19+00:00","description":"M2 Assurance offre des solutions d'assurance de transport pour flottes de v\u00e9hicules et camions lourds. Pour en savior plus d'informations, veuillez nous contacter au 514-425-0505.","breadcrumb":{"@id":"https:\/\/www.m2assurance.com\/fr\/transport\/#breadcrumb"},"inLanguage":"fr-FR","potentialAction":[{"@type":"ReadAction","target":["https:\/\/www.m2assurance.com\/fr\/transport\/"]}]},{"@type":"BreadcrumbList","@id":"https:\/\/www.m2assurance.com\/fr\/transport\/#breadcrumb","itemListElement":[{"@type":"ListItem","position":1,"name":"Home","item":"https:\/\/www.m2assurance.com\/fr\/"},{"@type":"ListItem","position":2,"name":"Transport"}]},{"@type":"WebSite","@id":"https:\/\/www.m2assurance.com\/fr\/#website","url":"https:\/\/www.m2assurance.com\/fr\/","name":"M2 Assurance","description":"","potentialAction":[{"@type":"SearchAction","target":{"@type":"EntryPoint","urlTemplate":"https:\/\/www.m2assurance.com\/fr\/?s={search_term_string}"},"query-input":{"@type":"PropertyValueSpecification","valueRequired":true,"valueName":"search_term_string"}}],"inLanguage":"fr-FR"}]}},"_links":{"self":[{"href":"https:\/\/www.m2assurance.com\/fr\/wp-json\/wp\/v2\/pages\/136","targetHints":{"allow":["GET"]}}],"collection":[{"href":"https:\/\/www.m2assurance.com\/fr\/wp-json\/wp\/v2\/pages"}],"about":[{"href":"https:\/\/www.m2assurance.com\/fr\/wp-json\/wp\/v2\/types\/page"}],"author":[{"embeddable":true,"href":"https:\/\/www.m2assurance.com\/fr\/wp-json\/wp\/v2\/users\/7"}],"replies":[{"embeddable":true,"href":"https:\/\/www.m2assurance.com\/fr\/wp-json\/wp\/v2\/comments?post=136"}],"version-history":[{"count":10,"href":"https:\/\/www.m2assurance.com\/fr\/wp-json\/wp\/v2\/pages\/136\/revisions"}],"predecessor-version":[{"id":1045,"href":"https:\/\/www.m2assurance.com\/fr\/wp-json\/wp\/v2\/pages\/136\/revisions\/1045"}],"wp:attachment":[{"href":"https:\/\/www.m2assurance.com\/fr\/wp-json\/wp\/v2\/media?parent=136"}],"curies":[{"name":"wp","href":"https:\/\/api.w.org\/{rel}","templated":true}]}}