{"id":276,"date":"2018-06-04T21:16:19","date_gmt":"2018-06-04T21:16:19","guid":{"rendered":"http:\/\/m2assurance.com\/?page_id=276"},"modified":"2020-01-18T17:31:24","modified_gmt":"2020-01-18T22:31:24","slug":"assurance-habitation-quebec","status":"publish","type":"page","link":"https:\/\/www.m2assurance.com\/fr\/assurance-habitation-quebec\/","title":{"rendered":"Assurance Habitation"},"content":{"rendered":"<div class=\"wpb-content-wrapper\"><p>[vc_row css_animation=\u00a0\u00bb\u00a0\u00bb row_type=\u00a0\u00bbrow\u00a0\u00bb use_row_as_full_screen_section=\u00a0\u00bbno\u00a0\u00bb type=\u00a0\u00bbfull_width\u00a0\u00bb angled_section=\u00a0\u00bbno\u00a0\u00bb text_align=\u00a0\u00bbleft\u00a0\u00bb background_image_as_pattern=\u00a0\u00bbwithout_pattern\u00a0\u00bb css=\u00a0\u00bb.vc_custom_1557252090644{padding-top: 20px !important;padding-bottom: 20px !important;background-color: #e2e1e1 !important;}\u00a0\u00bb z_index=\u00a0\u00bb\u00a0\u00bb][vc_column][vc_row_inner row_type=\u00a0\u00bbrow\u00a0\u00bb type=\u00a0\u00bbgrid\u00a0\u00bb text_align=\u00a0\u00bbleft\u00a0\u00bb css_animation=\u00a0\u00bb\u00a0\u00bb][vc_column_inner width=\u00a0\u00bb3\/5&Prime;][vc_single_image image=\u00a0\u00bb596&Prime; img_size=\u00a0\u00bbfull\u00a0\u00bb qode_css_animation=\u00a0\u00bb\u00a0\u00bb][\/vc_column_inner][vc_column_inner width=\u00a0\u00bb2\/5&Prime; css=\u00a0\u00bb.vc_custom_1557250580992{padding-top: 1em !important;}\u00a0\u00bb][vc_column_text]<\/p>\n<h3><span style=\"color: #3b3a3c;\">Pour obtenir une soumission<\/span><br \/>\n<span style=\"color: #3b3a3c;\">avec l\u2019un de nos courtiers certifi\u00e9s,<\/span><\/h3>\n<p>[\/vc_column_text][\/vc_column_inner][\/vc_row_inner][\/vc_column][\/vc_row][vc_row css_animation=\u00a0\u00bb\u00a0\u00bb row_type=\u00a0\u00bbrow\u00a0\u00bb use_row_as_full_screen_section=\u00a0\u00bbno\u00a0\u00bb type=\u00a0\u00bbfull_width\u00a0\u00bb angled_section=\u00a0\u00bbno\u00a0\u00bb text_align=\u00a0\u00bbleft\u00a0\u00bb background_image_as_pattern=\u00a0\u00bbwithout_pattern\u00a0\u00bb css=\u00a0\u00bb.vc_custom_1557250653857{padding-top: 20px !important;padding-bottom: 20px !important;}\u00a0\u00bb z_index=\u00a0\u00bb\u00a0\u00bb][vc_column][vc_row_inner row_type=\u00a0\u00bbrow\u00a0\u00bb type=\u00a0\u00bbgrid\u00a0\u00bb text_align=\u00a0\u00bbleft\u00a0\u00bb css_animation=\u00a0\u00bb\u00a0\u00bb][vc_column_inner width=\u00a0\u00bb3\/5&Prime;][\/vc_column_inner][vc_column_inner width=\u00a0\u00bb2\/5&Prime; css=\u00a0\u00bb.vc_custom_1557250580992{padding-top: 1em !important;}\u00a0\u00bb][vc_column_text]<\/p>\n<h2 style=\"font-size: 22px;\">514-425-0505<\/h2>\n<p>[\/vc_column_text][\/vc_column_inner][\/vc_row_inner][\/vc_column][\/vc_row][vc_row css_animation=\u00a0\u00bb\u00a0\u00bb row_type=\u00a0\u00bbrow\u00a0\u00bb use_row_as_full_screen_section=\u00a0\u00bbno\u00a0\u00bb type=\u00a0\u00bbgrid\u00a0\u00bb angled_section=\u00a0\u00bbno\u00a0\u00bb text_align=\u00a0\u00bbleft\u00a0\u00bb background_image_as_pattern=\u00a0\u00bbwithout_pattern\u00a0\u00bb z_index=\u00a0\u00bb\u00a0\u00bb][vc_column][vc_row_inner row_type=\u00a0\u00bbrow\u00a0\u00bb type=\u00a0\u00bbfull_width\u00a0\u00bb text_align=\u00a0\u00bbleft\u00a0\u00bb css_animation=\u00a0\u00bb\u00a0\u00bb][vc_column_inner width=\u00a0\u00bb1\/2&Prime;][vc_column_text css=\u00a0\u00bb.vc_custom_1557252681550{padding-top: 87px !important;padding-bottom: 88px !important;background-image: url(http:\/\/m2assurance.com\/wp-content\/uploads\/2019\/05\/m2__IMAGE_RECTOrange.png?id=583) !important;background-position: center !important;background-repeat: no-repeat !important;background-size: contain !important;}\u00a0\u00bb]<\/p>\n<h3 class=\"text-bulle\"><span style=\"color: #ffffff;\">Trois types de<\/span><br \/>\n<span style=\"color: #ffffff;\">contrat \u00e0 conna\u00eetre<\/span><\/h3>\n<p>[\/vc_column_text][\/vc_column_inner][vc_column_inner width=\u00a0\u00bb1\/2&Prime;][vc_single_image image=\u00a0\u00bb578&Prime; img_size=\u00a0\u00bbfull\u00a0\u00bb alignment=\u00a0\u00bbcenter\u00a0\u00bb qode_css_animation=\u00a0\u00bb\u00a0\u00bb][\/vc_column_inner][\/vc_row_inner][\/vc_column][\/vc_row][vc_row css_animation=\u00a0\u00bb\u00a0\u00bb row_type=\u00a0\u00bbrow\u00a0\u00bb use_row_as_full_screen_section=\u00a0\u00bbno\u00a0\u00bb type=\u00a0\u00bbgrid\u00a0\u00bb angled_section=\u00a0\u00bbno\u00a0\u00bb text_align=\u00a0\u00bbleft\u00a0\u00bb background_image_as_pattern=\u00a0\u00bbwithout_pattern\u00a0\u00bb z_index=\u00a0\u00bb\u00a0\u00bb css=\u00a0\u00bb.vc_custom_1557252628854{margin-top: 30px !important;}\u00a0\u00bb][vc_column][vc_column_text]<\/p>\n<h2>L\u2019assurance habitation : pour prot\u00e9ger le plus important investissement de votre vie<\/h2>\n<p>Que vous habitiez une maison unifamiliale traditionnelle, un condo ou un appartement, il est primordial de d\u00e9tenir une bonne assurance. Les courtiers certifi\u00e9s de M2 Assurance peuvent vous renseigner sur le type de protection dont vous avez besoin en assurance habitation.<\/p>\n<p>&nbsp;<\/p>\n<h2>Trois types de contrat \u00e0 conna\u00eetre<\/h2>\n<p>Il existe un grand choix de types de protection en assurance habitation. En faisant affaire avec un courtier qualifi\u00e9, vous pourrez ajuster le contrat choisi en fonction de vos besoins.<\/p>\n<p>&nbsp;<\/p>\n<ul>\n<li>Une assurance \u00ab tous risques \u00bb \u00e0 formule g\u00e9n\u00e9rale offre la protection n\u00e9cessaire \u00e0 la plupart des propri\u00e9taires. Elle comporte des exclusions, soit des choses qui ne sont pas couvertes. Il est donc important de bien lire votre contrat.<\/li>\n<li>Avec la formule \u00e9tendue, vous profitez d\u2019une assurance qui couvre tous les risques pour la maison elle-m\u00eame, sauf les exclusions; si vous \u00eates locataire, la formule \u00e9tendue couvrira le contenu de votre logement contre des risques comme le feu, le vol et autres.<\/li>\n<li>L\u2019assurance de base, aussi appel\u00e9e \u00e0 \u00ab\u00a0risques sp\u00e9cifi\u00e9s\u00a0\u00bb, est un type de contrat plus \u00e9conomique, mais \u00e0 couverture plus limit\u00e9e. Elle vous prot\u00e8ge contre de risques pr\u00e9cis \u2013 feu, vol et vandalisme, par exemple.<\/li>\n<\/ul>\n<p>&nbsp;<\/p>\n<p>Vous trouverez plus de d\u00e9tails sur ces types de contrat dans le <a href=\"http:\/\/www.ibc.ca\/fr\/qc\/maison\/types-de-protection\/\">site Web du Bureau d\u2019assurance du Canada<\/a>.<\/p>\n<p>&nbsp;<\/p>\n<h2>Un condo, c\u2019est comme une maison<\/h2>\n<p>De plus en plus de conventions de copropri\u00e9t\u00e9 exigent que les copropri\u00e9taires souscrivent une assurance habitation. Cette obligation est impos\u00e9e parce que par le pass\u00e9, de nombreuses personnes vivant en condo croyaient que l\u2019assurance de la copropri\u00e9t\u00e9 couvrait leurs biens et l\u2019int\u00e9rieur de leur appartement, ce qui n\u2019est pas le cas. L\u2019assurance de la copropri\u00e9t\u00e9 ne couvre pas non plus les dommages que vous auriez caus\u00e9s, par exemple, \u00e0 l\u2019appartement de l\u2019\u00e9tage du dessous parce que vous aviez n\u00e9glig\u00e9 de faire r\u00e9parer la laveuse ou de changer le chauffe-eau. Il est donc primordial, si vous vivez en condo, de vous doter d\u2019une bonne assurance de copropri\u00e9taire.<\/p>\n<p>&nbsp;<\/p>\n<h2>Pourquoi vous assurer en tant que locataire?<\/h2>\n<p>On entend chaque hiver de tristes r\u00e9cits de gens qui perdent tout \u00e0 la suite d\u2019un incendie\u00a0: ils \u00e9taient locataires et n\u2019avaient pas d\u2019assurance. Or, assurer le contenu d\u2019un logement ne co\u00fbte que quelques dollars par mois et peut vous \u00e9viter bien des ennuis. Les courtiers certifi\u00e9s de M2 Assurance pourront vous en dire plus sur les contrats d\u2019assurance habitation pour locataires.<\/p>\n<p>&nbsp;<\/p>\n<h2>Et le chalet?<\/h2>\n<p>Dans le langage courant du monde de l\u2019assurance, le chalet est ce que l\u2019on appelle une \u00ab\u00a0propri\u00e9t\u00e9 \u00e0 des fins r\u00e9cr\u00e9atives\u00a0\u00bb. Vous pouvez ajouter le chalet \u00e0 votre assurance habitation existante, et la prime qui s\u2019ajoutera sera fix\u00e9e en fonction de divers facteurs comme le mode de chauffage, la fr\u00e9quence d\u2019occupation, l\u2019\u00e2ge du chalet et sa proximit\u00e9 d\u2019un cours d\u2019eau. Demandez \u00e0 votre courtier M2 Assurance ce qu\u2019il en co\u00fbtera pour assurer votre chalet. Il pourra \u00e9tablir pour vous une protection personnalis\u00e9e, qui prot\u00e9gera ce bel actif.[\/vc_column_text][\/vc_column][\/vc_row][vc_row css_animation=\u00a0\u00bb\u00a0\u00bb row_type=\u00a0\u00bbrow\u00a0\u00bb use_row_as_full_screen_section=\u00a0\u00bbno\u00a0\u00bb type=\u00a0\u00bbfull_width\u00a0\u00bb angled_section=\u00a0\u00bbno\u00a0\u00bb text_align=\u00a0\u00bbleft\u00a0\u00bb background_image_as_pattern=\u00a0\u00bbwithout_pattern\u00a0\u00bb][vc_column][vc_empty_space][\/vc_column][\/vc_row]<\/p>\n<\/div>","protected":false},"excerpt":{"rendered":"<p>[vc_row css_animation=\u00a0\u00bb\u00a0\u00bb row_type=\u00a0\u00bbrow\u00a0\u00bb use_row_as_full_screen_section=\u00a0\u00bbno\u00a0\u00bb type=\u00a0\u00bbfull_width\u00a0\u00bb angled_section=\u00a0\u00bbno\u00a0\u00bb text_align=\u00a0\u00bbleft\u00a0\u00bb background_image_as_pattern=\u00a0\u00bbwithout_pattern\u00a0\u00bb css=\u00a0\u00bb.vc_custom_1557252090644{padding-top: 20px !important;padding-bottom: 20px !important;background-color: #e2e1e1 !important;}\u00a0\u00bb z_index=\u00a0\u00bb\u00a0\u00bb][vc_column][vc_row_inner row_type=\u00a0\u00bbrow\u00a0\u00bb type=\u00a0\u00bbgrid\u00a0\u00bb text_align=\u00a0\u00bbleft\u00a0\u00bb css_animation=\u00a0\u00bb\u00a0\u00bb][vc_column_inner width=\u00a0\u00bb3\/5&Prime;][vc_single_image image=\u00a0\u00bb596&Prime; img_size=\u00a0\u00bbfull\u00a0\u00bb qode_css_animation=\u00a0\u00bb\u00a0\u00bb][\/vc_column_inner][vc_column_inner width=\u00a0\u00bb2\/5&Prime; css=\u00a0\u00bb.vc_custom_1557250580992{padding-top: 1em !important;}\u00a0\u00bb][vc_column_text] Pour obtenir une soumission avec l\u2019un de nos courtiers certifi\u00e9s, [\/vc_column_text][\/vc_column_inner][\/vc_row_inner][\/vc_column][\/vc_row][vc_row css_animation=\u00a0\u00bb\u00a0\u00bb row_type=\u00a0\u00bbrow\u00a0\u00bb use_row_as_full_screen_section=\u00a0\u00bbno\u00a0\u00bb type=\u00a0\u00bbfull_width\u00a0\u00bb angled_section=\u00a0\u00bbno\u00a0\u00bb text_align=\u00a0\u00bbleft\u00a0\u00bb&#8230;<\/p>\n","protected":false},"author":7,"featured_media":0,"parent":0,"menu_order":0,"comment_status":"closed","ping_status":"closed","template":"full_width.php","meta":{"footnotes":""},"class_list":["post-276","page","type-page","status-publish","hentry"],"yoast_head":"<!-- This site is optimized with the Yoast SEO plugin v27.1.1 - https:\/\/yoast.com\/product\/yoast-seo-wordpress\/ -->\n<title>Assurance habitation au Qu\u00e9bec | M2 Assurance<\/title>\n<meta name=\"description\" content=\"Assurez-vous que votre maison soit prot\u00e9g\u00e9e avec M2 Assurance. Pour plus d&#039;information selon nos produits d&#039;assurance d&#039;habitation veuillez contactez le 514-425-0505\" \/>\n<meta name=\"robots\" content=\"index, follow, max-snippet:-1, max-image-preview:large, max-video-preview:-1\" \/>\n<link rel=\"canonical\" href=\"https:\/\/www.m2assurance.com\/fr\/assurance-habitation-quebec\/\" \/>\n<meta property=\"og:locale\" content=\"fr_FR\" \/>\n<meta property=\"og:type\" content=\"article\" \/>\n<meta property=\"og:title\" content=\"Assurance habitation au Qu\u00e9bec | M2 Assurance\" \/>\n<meta property=\"og:description\" content=\"Assurez-vous que votre maison soit prot\u00e9g\u00e9e avec M2 Assurance. Pour plus d&#039;information selon nos produits d&#039;assurance d&#039;habitation veuillez contactez le 514-425-0505\" \/>\n<meta property=\"og:url\" content=\"https:\/\/www.m2assurance.com\/fr\/assurance-habitation-quebec\/\" \/>\n<meta property=\"og:site_name\" content=\"M2 Assurance\" \/>\n<meta property=\"article:modified_time\" content=\"2020-01-18T22:31:24+00:00\" \/>\n<meta name=\"twitter:card\" content=\"summary_large_image\" \/>\n<meta name=\"twitter:label1\" content=\"Dur\u00e9e de lecture estim\u00e9e\" \/>\n\t<meta name=\"twitter:data1\" content=\"5 minutes\" \/>\n<script type=\"application\/ld+json\" class=\"yoast-schema-graph\">{\"@context\":\"https:\/\/schema.org\",\"@graph\":[{\"@type\":\"WebPage\",\"@id\":\"https:\/\/www.m2assurance.com\/fr\/assurance-habitation-quebec\/\",\"url\":\"https:\/\/www.m2assurance.com\/fr\/assurance-habitation-quebec\/\",\"name\":\"Assurance habitation au Qu\u00e9bec | M2 Assurance\",\"isPartOf\":{\"@id\":\"https:\/\/www.m2assurance.com\/fr\/#website\"},\"datePublished\":\"2018-06-04T21:16:19+00:00\",\"dateModified\":\"2020-01-18T22:31:24+00:00\",\"description\":\"Assurez-vous que votre maison soit prot\u00e9g\u00e9e avec M2 Assurance. Pour plus d'information selon nos produits d'assurance d'habitation veuillez contactez le 514-425-0505\",\"breadcrumb\":{\"@id\":\"https:\/\/www.m2assurance.com\/fr\/assurance-habitation-quebec\/#breadcrumb\"},\"inLanguage\":\"fr-FR\",\"potentialAction\":[{\"@type\":\"ReadAction\",\"target\":[\"https:\/\/www.m2assurance.com\/fr\/assurance-habitation-quebec\/\"]}]},{\"@type\":\"BreadcrumbList\",\"@id\":\"https:\/\/www.m2assurance.com\/fr\/assurance-habitation-quebec\/#breadcrumb\",\"itemListElement\":[{\"@type\":\"ListItem\",\"position\":1,\"name\":\"Home\",\"item\":\"https:\/\/www.m2assurance.com\/fr\/\"},{\"@type\":\"ListItem\",\"position\":2,\"name\":\"Assurance Habitation\"}]},{\"@type\":\"WebSite\",\"@id\":\"https:\/\/www.m2assurance.com\/fr\/#website\",\"url\":\"https:\/\/www.m2assurance.com\/fr\/\",\"name\":\"M2 Assurance\",\"description\":\"\",\"potentialAction\":[{\"@type\":\"SearchAction\",\"target\":{\"@type\":\"EntryPoint\",\"urlTemplate\":\"https:\/\/www.m2assurance.com\/fr\/?s={search_term_string}\"},\"query-input\":{\"@type\":\"PropertyValueSpecification\",\"valueRequired\":true,\"valueName\":\"search_term_string\"}}],\"inLanguage\":\"fr-FR\"}]}<\/script>\n<!-- \/ Yoast SEO plugin. -->","yoast_head_json":{"title":"Assurance habitation au Qu\u00e9bec | M2 Assurance","description":"Assurez-vous que votre maison soit prot\u00e9g\u00e9e avec M2 Assurance. Pour plus d'information selon nos produits d'assurance d'habitation veuillez contactez le 514-425-0505","robots":{"index":"index","follow":"follow","max-snippet":"max-snippet:-1","max-image-preview":"max-image-preview:large","max-video-preview":"max-video-preview:-1"},"canonical":"https:\/\/www.m2assurance.com\/fr\/assurance-habitation-quebec\/","og_locale":"fr_FR","og_type":"article","og_title":"Assurance habitation au Qu\u00e9bec | M2 Assurance","og_description":"Assurez-vous que votre maison soit prot\u00e9g\u00e9e avec M2 Assurance. Pour plus d'information selon nos produits d'assurance d'habitation veuillez contactez le 514-425-0505","og_url":"https:\/\/www.m2assurance.com\/fr\/assurance-habitation-quebec\/","og_site_name":"M2 Assurance","article_modified_time":"2020-01-18T22:31:24+00:00","twitter_card":"summary_large_image","twitter_misc":{"Dur\u00e9e de lecture estim\u00e9e":"5 minutes"},"schema":{"@context":"https:\/\/schema.org","@graph":[{"@type":"WebPage","@id":"https:\/\/www.m2assurance.com\/fr\/assurance-habitation-quebec\/","url":"https:\/\/www.m2assurance.com\/fr\/assurance-habitation-quebec\/","name":"Assurance habitation au Qu\u00e9bec | M2 Assurance","isPartOf":{"@id":"https:\/\/www.m2assurance.com\/fr\/#website"},"datePublished":"2018-06-04T21:16:19+00:00","dateModified":"2020-01-18T22:31:24+00:00","description":"Assurez-vous que votre maison soit prot\u00e9g\u00e9e avec M2 Assurance. Pour plus d'information selon nos produits d'assurance d'habitation veuillez contactez le 514-425-0505","breadcrumb":{"@id":"https:\/\/www.m2assurance.com\/fr\/assurance-habitation-quebec\/#breadcrumb"},"inLanguage":"fr-FR","potentialAction":[{"@type":"ReadAction","target":["https:\/\/www.m2assurance.com\/fr\/assurance-habitation-quebec\/"]}]},{"@type":"BreadcrumbList","@id":"https:\/\/www.m2assurance.com\/fr\/assurance-habitation-quebec\/#breadcrumb","itemListElement":[{"@type":"ListItem","position":1,"name":"Home","item":"https:\/\/www.m2assurance.com\/fr\/"},{"@type":"ListItem","position":2,"name":"Assurance Habitation"}]},{"@type":"WebSite","@id":"https:\/\/www.m2assurance.com\/fr\/#website","url":"https:\/\/www.m2assurance.com\/fr\/","name":"M2 Assurance","description":"","potentialAction":[{"@type":"SearchAction","target":{"@type":"EntryPoint","urlTemplate":"https:\/\/www.m2assurance.com\/fr\/?s={search_term_string}"},"query-input":{"@type":"PropertyValueSpecification","valueRequired":true,"valueName":"search_term_string"}}],"inLanguage":"fr-FR"}]}},"_links":{"self":[{"href":"https:\/\/www.m2assurance.com\/fr\/wp-json\/wp\/v2\/pages\/276","targetHints":{"allow":["GET"]}}],"collection":[{"href":"https:\/\/www.m2assurance.com\/fr\/wp-json\/wp\/v2\/pages"}],"about":[{"href":"https:\/\/www.m2assurance.com\/fr\/wp-json\/wp\/v2\/types\/page"}],"author":[{"embeddable":true,"href":"https:\/\/www.m2assurance.com\/fr\/wp-json\/wp\/v2\/users\/7"}],"replies":[{"embeddable":true,"href":"https:\/\/www.m2assurance.com\/fr\/wp-json\/wp\/v2\/comments?post=276"}],"version-history":[{"count":10,"href":"https:\/\/www.m2assurance.com\/fr\/wp-json\/wp\/v2\/pages\/276\/revisions"}],"predecessor-version":[{"id":1035,"href":"https:\/\/www.m2assurance.com\/fr\/wp-json\/wp\/v2\/pages\/276\/revisions\/1035"}],"wp:attachment":[{"href":"https:\/\/www.m2assurance.com\/fr\/wp-json\/wp\/v2\/media?parent=276"}],"curies":[{"name":"wp","href":"https:\/\/api.w.org\/{rel}","templated":true}]}}