{"id":291,"date":"2018-06-04T22:02:23","date_gmt":"2018-06-04T22:02:23","guid":{"rendered":"http:\/\/m2assurance.com\/?page_id=291"},"modified":"2020-01-18T17:39:06","modified_gmt":"2020-01-18T22:39:06","slug":"assurance-auto-quebec","status":"publish","type":"page","link":"https:\/\/www.m2assurance.com\/fr\/assurance-auto-quebec\/","title":{"rendered":"Auto"},"content":{"rendered":"<div class=\"wpb-content-wrapper\"><p>[vc_row css_animation=\u00a0\u00bb\u00a0\u00bb row_type=\u00a0\u00bbrow\u00a0\u00bb use_row_as_full_screen_section=\u00a0\u00bbno\u00a0\u00bb type=\u00a0\u00bbfull_width\u00a0\u00bb angled_section=\u00a0\u00bbno\u00a0\u00bb text_align=\u00a0\u00bbleft\u00a0\u00bb background_image_as_pattern=\u00a0\u00bbwithout_pattern\u00a0\u00bb css=\u00a0\u00bb.vc_custom_1557252090644{padding-top: 20px !important;padding-bottom: 20px !important;background-color: #e2e1e1 !important;}\u00a0\u00bb z_index=\u00a0\u00bb\u00a0\u00bb][vc_column][vc_row_inner row_type=\u00a0\u00bbrow\u00a0\u00bb type=\u00a0\u00bbgrid\u00a0\u00bb text_align=\u00a0\u00bbleft\u00a0\u00bb css_animation=\u00a0\u00bb\u00a0\u00bb][vc_column_inner width=\u00a0\u00bb3\/5&Prime;][vc_single_image image=\u00a0\u00bb593&Prime; img_size=\u00a0\u00bbfull\u00a0\u00bb qode_css_animation=\u00a0\u00bb\u00a0\u00bb][\/vc_column_inner][vc_column_inner width=\u00a0\u00bb2\/5&Prime; css=\u00a0\u00bb.vc_custom_1557250580992{padding-top: 1em !important;}\u00a0\u00bb][vc_column_text]<\/p>\n<h3><span style=\"color: #3b3a3c;\">Pour obtenir une soumission<\/span><br \/>\n<span style=\"color: #3b3a3c;\">avec l\u2019un de nos courtiers certifi\u00e9s,<\/span><\/h3>\n<p>[\/vc_column_text][\/vc_column_inner][\/vc_row_inner][\/vc_column][\/vc_row][vc_row css_animation=\u00a0\u00bb\u00a0\u00bb row_type=\u00a0\u00bbrow\u00a0\u00bb use_row_as_full_screen_section=\u00a0\u00bbno\u00a0\u00bb type=\u00a0\u00bbfull_width\u00a0\u00bb angled_section=\u00a0\u00bbno\u00a0\u00bb text_align=\u00a0\u00bbleft\u00a0\u00bb background_image_as_pattern=\u00a0\u00bbwithout_pattern\u00a0\u00bb css=\u00a0\u00bb.vc_custom_1557250653857{padding-top: 20px !important;padding-bottom: 20px !important;}\u00a0\u00bb z_index=\u00a0\u00bb\u00a0\u00bb][vc_column][vc_row_inner row_type=\u00a0\u00bbrow\u00a0\u00bb type=\u00a0\u00bbgrid\u00a0\u00bb text_align=\u00a0\u00bbleft\u00a0\u00bb css_animation=\u00a0\u00bb\u00a0\u00bb][vc_column_inner width=\u00a0\u00bb3\/5&Prime;][\/vc_column_inner][vc_column_inner width=\u00a0\u00bb2\/5&Prime; css=\u00a0\u00bb.vc_custom_1557250580992{padding-top: 1em !important;}\u00a0\u00bb][vc_column_text]<\/p>\n<h2 style=\"font-size: 22px;\">514-425-0505<\/h2>\n<p>[\/vc_column_text][\/vc_column_inner][\/vc_row_inner][\/vc_column][\/vc_row][vc_row css_animation=\u00a0\u00bb\u00a0\u00bb row_type=\u00a0\u00bbrow\u00a0\u00bb use_row_as_full_screen_section=\u00a0\u00bbno\u00a0\u00bb type=\u00a0\u00bbgrid\u00a0\u00bb angled_section=\u00a0\u00bbno\u00a0\u00bb text_align=\u00a0\u00bbleft\u00a0\u00bb background_image_as_pattern=\u00a0\u00bbwithout_pattern\u00a0\u00bb z_index=\u00a0\u00bb\u00a0\u00bb][vc_column][vc_row_inner row_type=\u00a0\u00bbrow\u00a0\u00bb type=\u00a0\u00bbfull_width\u00a0\u00bb text_align=\u00a0\u00bbleft\u00a0\u00bb css_animation=\u00a0\u00bb\u00a0\u00bb][vc_column_inner width=\u00a0\u00bb1\/2&Prime;][vc_column_text css=\u00a0\u00bb.vc_custom_1557253042818{padding-top: 87px !important;padding-bottom: 88px !important;background-image: url(http:\/\/m2assurance.com\/wp-content\/uploads\/2019\/05\/m2__IMAGE_RECTCharcoal.png?id=581) !important;background-position: center !important;background-repeat: no-repeat !important;background-size: contain !important;}\u00a0\u00bb]<\/p>\n<h3 class=\"text-bulle\"><span style=\"color: #ffffff;\">Une obligation<br \/>\n<\/span><span style=\"color: #ffffff;\">en vertu de la loi<\/span><\/h3>\n<p>[\/vc_column_text][\/vc_column_inner][vc_column_inner width=\u00a0\u00bb1\/2&Prime;][vc_single_image image=\u00a0\u00bb574&Prime; img_size=\u00a0\u00bbfull\u00a0\u00bb alignment=\u00a0\u00bbcenter\u00a0\u00bb qode_css_animation=\u00a0\u00bb\u00a0\u00bb][\/vc_column_inner][\/vc_row_inner][\/vc_column][\/vc_row][vc_row css_animation=\u00a0\u00bb\u00a0\u00bb row_type=\u00a0\u00bbrow\u00a0\u00bb use_row_as_full_screen_section=\u00a0\u00bbno\u00a0\u00bb type=\u00a0\u00bbgrid\u00a0\u00bb angled_section=\u00a0\u00bbno\u00a0\u00bb text_align=\u00a0\u00bbleft\u00a0\u00bb background_image_as_pattern=\u00a0\u00bbwithout_pattern\u00a0\u00bb z_index=\u00a0\u00bb\u00a0\u00bb css=\u00a0\u00bb.vc_custom_1557253065627{margin-top: 30px !important;}\u00a0\u00bb][vc_column][vc_column_text]<\/p>\n<h2><strong>Assurance auto<\/strong><strong> : comment choisir pour \u00eatre bien prot\u00e9g\u00e9?<\/strong><\/h2>\n<p>M\u00eame si la Soci\u00e9t\u00e9 de l\u2019assurance automobile du Qu\u00e9bec (la \u00ab\u2009SAAQ\u2009\u00bb) assure tous les Qu\u00e9b\u00e9cois contre les dommages corporels, c\u2019est \u00e0 vous, comme propri\u00e9taire d\u2019un v\u00e9hicule, qu\u2019il appartient de veiller \u00e0 souscrire une bonne assurance auto. Comment choisir la meilleure protection? Comment vous assurer d\u2019\u00eatre indemnis\u00e9 comme il se doit \u00e0 la suite d\u2019un accident? Quelle assurance auto choisir? Votre courtier M2 Assurance peut vous renseigner.<\/p>\n<p>&nbsp;<\/p>\n<h2><strong>Pourquoi doit-on souscrire une assurance priv\u00e9e?<\/strong><\/h2>\n<p>Le r\u00e9gime d\u2019assurance public offert par la SAAQ couvre les dommages corporels (blessures, d\u00e9c\u00e8s) sans \u00e9gard \u00e0 la faute; c\u2019est ce que l\u2019on appelle le \u00ab\u2009no fault\u2009\u00bb. Avec ce r\u00e9gime, vous \u00eates indemnis\u00e9 si vous \u00eates bless\u00e9 dans un accident et ce, que vous soyez responsable ou non.<\/p>\n<p>&nbsp;<\/p>\n<h2><strong>L\u2019assurance priv\u00e9e\u00a0: une obligation en vertu de la loi<\/strong><\/h2>\n<p>En mati\u00e8re d\u2019assurance auto, vous devez d\u00e9tenir une assurance responsabilit\u00e9 civile d\u2019au moins 50\u2009000\u00a0$. Cette assurance vous permet, selon l\u2019expression populaire, d\u2019\u00eatre assur\u00e9 \u00ab\u2009d\u2019un bord\u2009\u00bb, c\u2019est-\u00e0-dire uniquement pour les dommages mat\u00e9riels \u00e0 autrui dont vous \u00eates responsable et pour les dommages corporels non couverts par la SAAQ. Cette assurance ne couvre pas les dommages \u00e0 votre v\u00e9hicule.<\/p>\n<p>&nbsp;<\/p>\n<p>Cette seule assurance sera \u00e9videmment insuffisante pour prot\u00e9ger votre v\u00e9hicule contre le vol, la collision, l\u2019incendie ou le vandalisme. Vous devez d\u00e9tenir une deuxi\u00e8me couverture, soit une \u00ab\u2009assurance priv\u00e9e optionnelle\u2009\u00bb. La loi ne vous oblige pas \u00e0 en d\u00e9tenir une, mais le gros bon sens \u2013 et votre courtier M2 Assurance! \u2013 le recommande fortement. Id\u00e9alement, vous devriez souscrire une assurance couvrant la collision, les dommages sans collision (feu, vandalisme, inondation, vol\u2026) et les risques sp\u00e9cifiques. Votre courtier d\u2019assurance pourra vous conseiller sur la protection qui convient le mieux \u00e0 votre v\u00e9hicule et \u00e0 vos besoins.<\/p>\n<p>&nbsp;<\/p>\n<h2><strong>Le prix de votre prime<\/strong><\/h2>\n<p>Le montant \u00e0 payer pour votre assurance auto d\u00e9pend de plusieurs facteurs qui influencent le risque que vous repr\u00e9sentez en tant que conducteur. Les jeunes, les conducteurs qui habitent dans le centre-ville ou les quartiers o\u00f9 les risques de vol ou de vandalisme sont plus \u00e9lev\u00e9s ainsi que les personnes qui ont d\u00e9j\u00e0 effectu\u00e9 des r\u00e9clamations ou caus\u00e9 des accidents paieront n\u00e9cessairement plus cher.<\/p>\n<p>&nbsp;<\/p>\n<p>La prime sera aussi influenc\u00e9e par les avenants, qui sont un peu comme des accessoires que vous ajoutez \u00e0 votre contrat et pour lesquels vous payez un suppl\u00e9ment. Le montant de la\u00a0 franchise, c\u2019est-\u00e0-dire le montant que vous devrez payer de votre poche en cas de sinistre, fera aussi une diff\u00e9rence dans le montant de votre prime. Plus la franchise est \u00e9lev\u00e9e, plus votre prime baissera. Demandez \u00e0 votre courtier\u00a0M2 Assurance de vous d\u00e9nicher la meilleure protection au meilleur prix. C\u2019est son m\u00e9tier![\/vc_column_text][\/vc_column][\/vc_row][vc_row css_animation=\u00a0\u00bb\u00a0\u00bb row_type=\u00a0\u00bbrow\u00a0\u00bb use_row_as_full_screen_section=\u00a0\u00bbno\u00a0\u00bb type=\u00a0\u00bbfull_width\u00a0\u00bb angled_section=\u00a0\u00bbno\u00a0\u00bb text_align=\u00a0\u00bbleft\u00a0\u00bb background_image_as_pattern=\u00a0\u00bbwithout_pattern\u00a0\u00bb][vc_column][vc_empty_space][\/vc_column][\/vc_row]<\/p>\n<\/div>","protected":false},"excerpt":{"rendered":"<p>[vc_row css_animation=\u00a0\u00bb\u00a0\u00bb row_type=\u00a0\u00bbrow\u00a0\u00bb use_row_as_full_screen_section=\u00a0\u00bbno\u00a0\u00bb type=\u00a0\u00bbfull_width\u00a0\u00bb angled_section=\u00a0\u00bbno\u00a0\u00bb text_align=\u00a0\u00bbleft\u00a0\u00bb background_image_as_pattern=\u00a0\u00bbwithout_pattern\u00a0\u00bb css=\u00a0\u00bb.vc_custom_1557252090644{padding-top: 20px !important;padding-bottom: 20px !important;background-color: #e2e1e1 !important;}\u00a0\u00bb z_index=\u00a0\u00bb\u00a0\u00bb][vc_column][vc_row_inner row_type=\u00a0\u00bbrow\u00a0\u00bb type=\u00a0\u00bbgrid\u00a0\u00bb text_align=\u00a0\u00bbleft\u00a0\u00bb css_animation=\u00a0\u00bb\u00a0\u00bb][vc_column_inner width=\u00a0\u00bb3\/5&Prime;][vc_single_image image=\u00a0\u00bb593&Prime; img_size=\u00a0\u00bbfull\u00a0\u00bb qode_css_animation=\u00a0\u00bb\u00a0\u00bb][\/vc_column_inner][vc_column_inner width=\u00a0\u00bb2\/5&Prime; css=\u00a0\u00bb.vc_custom_1557250580992{padding-top: 1em !important;}\u00a0\u00bb][vc_column_text] Pour obtenir une soumission avec l\u2019un de nos courtiers certifi\u00e9s, [\/vc_column_text][\/vc_column_inner][\/vc_row_inner][\/vc_column][\/vc_row][vc_row css_animation=\u00a0\u00bb\u00a0\u00bb row_type=\u00a0\u00bbrow\u00a0\u00bb use_row_as_full_screen_section=\u00a0\u00bbno\u00a0\u00bb type=\u00a0\u00bbfull_width\u00a0\u00bb angled_section=\u00a0\u00bbno\u00a0\u00bb text_align=\u00a0\u00bbleft\u00a0\u00bb&#8230;<\/p>\n","protected":false},"author":7,"featured_media":0,"parent":0,"menu_order":0,"comment_status":"closed","ping_status":"closed","template":"full_width.php","meta":{"footnotes":""},"class_list":["post-291","page","type-page","status-publish","hentry"],"yoast_head":"<!-- This site is optimized with the Yoast SEO plugin v27.1.1 - https:\/\/yoast.com\/product\/yoast-seo-wordpress\/ -->\n<title>Assurance auto au Qu\u00e9bec | M2 Assurance<\/title>\n<meta name=\"description\" content=\"Assurez-vous que votre voiture soit prot\u00e9g\u00e9e avec M2 Assurance. Pour plus d&#039;information selon nos produits d&#039;assurance d&#039;autos veuillez contactez le 514-425-0505\" \/>\n<meta name=\"robots\" content=\"index, follow, max-snippet:-1, max-image-preview:large, max-video-preview:-1\" \/>\n<link rel=\"canonical\" href=\"https:\/\/www.m2assurance.com\/fr\/assurance-auto-quebec\/\" \/>\n<meta property=\"og:locale\" content=\"fr_FR\" \/>\n<meta property=\"og:type\" content=\"article\" \/>\n<meta property=\"og:title\" content=\"Assurance auto au Qu\u00e9bec | M2 Assurance\" \/>\n<meta property=\"og:description\" content=\"Assurez-vous que votre voiture soit prot\u00e9g\u00e9e avec M2 Assurance. Pour plus d&#039;information selon nos produits d&#039;assurance d&#039;autos veuillez contactez le 514-425-0505\" \/>\n<meta property=\"og:url\" content=\"https:\/\/www.m2assurance.com\/fr\/assurance-auto-quebec\/\" \/>\n<meta property=\"og:site_name\" content=\"M2 Assurance\" \/>\n<meta property=\"article:modified_time\" content=\"2020-01-18T22:39:06+00:00\" \/>\n<meta name=\"twitter:card\" content=\"summary_large_image\" \/>\n<meta name=\"twitter:label1\" content=\"Dur\u00e9e de lecture estim\u00e9e\" \/>\n\t<meta name=\"twitter:data1\" content=\"5 minutes\" \/>\n<script type=\"application\/ld+json\" class=\"yoast-schema-graph\">{\"@context\":\"https:\/\/schema.org\",\"@graph\":[{\"@type\":\"WebPage\",\"@id\":\"https:\/\/www.m2assurance.com\/fr\/assurance-auto-quebec\/\",\"url\":\"https:\/\/www.m2assurance.com\/fr\/assurance-auto-quebec\/\",\"name\":\"Assurance auto au Qu\u00e9bec | M2 Assurance\",\"isPartOf\":{\"@id\":\"https:\/\/www.m2assurance.com\/fr\/#website\"},\"datePublished\":\"2018-06-04T22:02:23+00:00\",\"dateModified\":\"2020-01-18T22:39:06+00:00\",\"description\":\"Assurez-vous que votre voiture soit prot\u00e9g\u00e9e avec M2 Assurance. Pour plus d'information selon nos produits d'assurance d'autos veuillez contactez le 514-425-0505\",\"breadcrumb\":{\"@id\":\"https:\/\/www.m2assurance.com\/fr\/assurance-auto-quebec\/#breadcrumb\"},\"inLanguage\":\"fr-FR\",\"potentialAction\":[{\"@type\":\"ReadAction\",\"target\":[\"https:\/\/www.m2assurance.com\/fr\/assurance-auto-quebec\/\"]}]},{\"@type\":\"BreadcrumbList\",\"@id\":\"https:\/\/www.m2assurance.com\/fr\/assurance-auto-quebec\/#breadcrumb\",\"itemListElement\":[{\"@type\":\"ListItem\",\"position\":1,\"name\":\"Home\",\"item\":\"https:\/\/www.m2assurance.com\/fr\/\"},{\"@type\":\"ListItem\",\"position\":2,\"name\":\"Auto\"}]},{\"@type\":\"WebSite\",\"@id\":\"https:\/\/www.m2assurance.com\/fr\/#website\",\"url\":\"https:\/\/www.m2assurance.com\/fr\/\",\"name\":\"M2 Assurance\",\"description\":\"\",\"potentialAction\":[{\"@type\":\"SearchAction\",\"target\":{\"@type\":\"EntryPoint\",\"urlTemplate\":\"https:\/\/www.m2assurance.com\/fr\/?s={search_term_string}\"},\"query-input\":{\"@type\":\"PropertyValueSpecification\",\"valueRequired\":true,\"valueName\":\"search_term_string\"}}],\"inLanguage\":\"fr-FR\"}]}<\/script>\n<!-- \/ Yoast SEO plugin. -->","yoast_head_json":{"title":"Assurance auto au Qu\u00e9bec | M2 Assurance","description":"Assurez-vous que votre voiture soit prot\u00e9g\u00e9e avec M2 Assurance. Pour plus d'information selon nos produits d'assurance d'autos veuillez contactez le 514-425-0505","robots":{"index":"index","follow":"follow","max-snippet":"max-snippet:-1","max-image-preview":"max-image-preview:large","max-video-preview":"max-video-preview:-1"},"canonical":"https:\/\/www.m2assurance.com\/fr\/assurance-auto-quebec\/","og_locale":"fr_FR","og_type":"article","og_title":"Assurance auto au Qu\u00e9bec | M2 Assurance","og_description":"Assurez-vous que votre voiture soit prot\u00e9g\u00e9e avec M2 Assurance. Pour plus d'information selon nos produits d'assurance d'autos veuillez contactez le 514-425-0505","og_url":"https:\/\/www.m2assurance.com\/fr\/assurance-auto-quebec\/","og_site_name":"M2 Assurance","article_modified_time":"2020-01-18T22:39:06+00:00","twitter_card":"summary_large_image","twitter_misc":{"Dur\u00e9e de lecture estim\u00e9e":"5 minutes"},"schema":{"@context":"https:\/\/schema.org","@graph":[{"@type":"WebPage","@id":"https:\/\/www.m2assurance.com\/fr\/assurance-auto-quebec\/","url":"https:\/\/www.m2assurance.com\/fr\/assurance-auto-quebec\/","name":"Assurance auto au Qu\u00e9bec | M2 Assurance","isPartOf":{"@id":"https:\/\/www.m2assurance.com\/fr\/#website"},"datePublished":"2018-06-04T22:02:23+00:00","dateModified":"2020-01-18T22:39:06+00:00","description":"Assurez-vous que votre voiture soit prot\u00e9g\u00e9e avec M2 Assurance. Pour plus d'information selon nos produits d'assurance d'autos veuillez contactez le 514-425-0505","breadcrumb":{"@id":"https:\/\/www.m2assurance.com\/fr\/assurance-auto-quebec\/#breadcrumb"},"inLanguage":"fr-FR","potentialAction":[{"@type":"ReadAction","target":["https:\/\/www.m2assurance.com\/fr\/assurance-auto-quebec\/"]}]},{"@type":"BreadcrumbList","@id":"https:\/\/www.m2assurance.com\/fr\/assurance-auto-quebec\/#breadcrumb","itemListElement":[{"@type":"ListItem","position":1,"name":"Home","item":"https:\/\/www.m2assurance.com\/fr\/"},{"@type":"ListItem","position":2,"name":"Auto"}]},{"@type":"WebSite","@id":"https:\/\/www.m2assurance.com\/fr\/#website","url":"https:\/\/www.m2assurance.com\/fr\/","name":"M2 Assurance","description":"","potentialAction":[{"@type":"SearchAction","target":{"@type":"EntryPoint","urlTemplate":"https:\/\/www.m2assurance.com\/fr\/?s={search_term_string}"},"query-input":{"@type":"PropertyValueSpecification","valueRequired":true,"valueName":"search_term_string"}}],"inLanguage":"fr-FR"}]}},"_links":{"self":[{"href":"https:\/\/www.m2assurance.com\/fr\/wp-json\/wp\/v2\/pages\/291","targetHints":{"allow":["GET"]}}],"collection":[{"href":"https:\/\/www.m2assurance.com\/fr\/wp-json\/wp\/v2\/pages"}],"about":[{"href":"https:\/\/www.m2assurance.com\/fr\/wp-json\/wp\/v2\/types\/page"}],"author":[{"embeddable":true,"href":"https:\/\/www.m2assurance.com\/fr\/wp-json\/wp\/v2\/users\/7"}],"replies":[{"embeddable":true,"href":"https:\/\/www.m2assurance.com\/fr\/wp-json\/wp\/v2\/comments?post=291"}],"version-history":[{"count":10,"href":"https:\/\/www.m2assurance.com\/fr\/wp-json\/wp\/v2\/pages\/291\/revisions"}],"predecessor-version":[{"id":1037,"href":"https:\/\/www.m2assurance.com\/fr\/wp-json\/wp\/v2\/pages\/291\/revisions\/1037"}],"wp:attachment":[{"href":"https:\/\/www.m2assurance.com\/fr\/wp-json\/wp\/v2\/media?parent=291"}],"curies":[{"name":"wp","href":"https:\/\/api.w.org\/{rel}","templated":true}]}}