{"id":48,"date":"2018-02-06T16:29:21","date_gmt":"2018-02-06T16:29:21","guid":{"rendered":"http:\/\/m2assurance.com\/?page_id=48"},"modified":"2023-07-10T14:07:38","modified_gmt":"2023-07-10T18:07:38","slug":"carrieres","status":"publish","type":"page","link":"https:\/\/www.m2assurance.com\/fr\/carrieres\/","title":{"rendered":"Carri\u00e8res"},"content":{"rendered":"<div class=\"wpb-content-wrapper\"><p>[vc_row css_animation=\u00a0\u00bb\u00a0\u00bb row_type=\u00a0\u00bbrow\u00a0\u00bb use_row_as_full_screen_section=\u00a0\u00bbno\u00a0\u00bb type=\u00a0\u00bbfull_width\u00a0\u00bb angled_section=\u00a0\u00bbno\u00a0\u00bb text_align=\u00a0\u00bbleft\u00a0\u00bb background_image_as_pattern=\u00a0\u00bbwithout_pattern\u00a0\u00bb css=\u00a0\u00bb.vc_custom_1557253783944{padding-top: 30px !important;padding-bottom: 30px !important;background-color: #e2e1e1 !important;}\u00a0\u00bb z_index=\u00a0\u00bb\u00a0\u00bb][vc_column][vc_row_inner row_type=\u00a0\u00bbrow\u00a0\u00bb type=\u00a0\u00bbgrid\u00a0\u00bb text_align=\u00a0\u00bbleft\u00a0\u00bb css_animation=\u00a0\u00bb\u00a0\u00bb][vc_column_inner][vc_column_text]<\/p>\n<h1>Carri\u00e8res<\/h1>\n<p>[\/vc_column_text][\/vc_column_inner][\/vc_row_inner][\/vc_column][\/vc_row][vc_row css_animation=\u00a0\u00bb\u00a0\u00bb row_type=\u00a0\u00bbrow\u00a0\u00bb use_row_as_full_screen_section=\u00a0\u00bbno\u00a0\u00bb type=\u00a0\u00bbgrid\u00a0\u00bb angled_section=\u00a0\u00bbno\u00a0\u00bb text_align=\u00a0\u00bbleft\u00a0\u00bb background_image_as_pattern=\u00a0\u00bbwithout_pattern\u00a0\u00bb css=\u00a0\u00bb.vc_custom_1557255953511{padding-top: 15px !important;background-color: #ffffff !important;}\u00a0\u00bb z_index=\u00a0\u00bb\u00a0\u00bb][vc_column width=\u00a0\u00bb1\/2&Prime;]<blockquote class=' with_quote_icon' style=''><i class='fa fa-quote-right' style='color: #ef4e23;'><\/i><h5 class='blockquote-text' style='color: #ef4e23; line-height: 29px;'>Travailler chez M2 Assurance, c\u2019est faire partie d\u2019une \u00e9quipe dynamique qui grandit ensemble. Le bonheur des employ\u00e9s est essentiel \u00e0 un travail bien accompli et la direction de M2 agit en ce sens. Nous encourageons le d\u00e9veloppement des comp\u00e9tences, la conciliation travail-famille et la sant\u00e9 chez nos employ\u00e9s. Chaque employ\u00e9 est une force et fait partie de l\u2019\u00e9quation de r\u00e9ussite de M2 Assurance.<\/h5><\/blockquote>[\/vc_column][vc_column width=\u00a0\u00bb1\/2&Prime; css=\u00a0\u00bb.vc_custom_1517944137716{padding-top: 12px !important;}\u00a0\u00bb][vc_column_text]Veuillez vous r\u00e9f\u00e9rer \u00e0 la liste des postes disponibles ci-dessous afin de conna\u00eetre nos besoins en ressources humaines. Pour soumettre votre candidature pour un poste en particulier ou de fa\u00e7on spontan\u00e9e, veuillez faire parvenir votre lettre de pr\u00e9sentation ainsi que votre curriculum vitae \u00e0 <a class=\"inner_page_top\" href=\"mailto:recrutement@m2assurance.com\">recrutement@m2assurance.com<\/a>. Veuillez indiquer le poste pour lequel vous d\u00e9sirez postuler.[\/vc_column_text][\/vc_column][\/vc_row][vc_row css_animation=\u00a0\u00bb\u00a0\u00bb row_type=\u00a0\u00bbrow\u00a0\u00bb use_row_as_full_screen_section=\u00a0\u00bbno\u00a0\u00bb type=\u00a0\u00bbgrid\u00a0\u00bb angled_section=\u00a0\u00bbno\u00a0\u00bb text_align=\u00a0\u00bbleft\u00a0\u00bb background_image_as_pattern=\u00a0\u00bbwithout_pattern\u00a0\u00bb z_index=\u00a0\u00bb\u00a0\u00bb css=\u00a0\u00bb.vc_custom_1563459489871{padding-top: 20px !important;padding-bottom: 20px !important;}\u00a0\u00bb][vc_column width=\u00a0\u00bb5\/6&Prime;][vc_column_text]<\/p>\n<h1><b>COURTIER EN ASSURANCE DE DOMMAGES DES ENTREPRISES<\/b><\/h1>\n<p>&nbsp;<\/p>\n<p class=\"wrap-link\"><strong><span class=\"jp_label\">Description<\/span><\/strong><\/p>\n<p class=\"wrap-link\">Le titulaire du poste est sp\u00e9cialis\u00e9 en assurance de dommages des entreprises. Il identifie et \u00e9value les risques et les besoins de son client, il conseille l\u2019assur\u00e9 sur les produits les mieux adapt\u00e9s \u00e0 sa situation et n\u00e9gocie pour lui aupr\u00e8s de diff\u00e9rents assureurs. Le titulaire du poste (en pr\u00e9sentiel) s\u2019occupera d\u2019un volume qui pourra g\u00e9n\u00e9rer un salaire potentiel de 80 000$ \u00e0 100 000$ annuel tout en b\u00e9n\u00e9ficiant d\u2019un climat unique dans notre r\u00e9gion.<\/p>\n<p><strong>Fonctions principales :<\/strong><\/p>\n<p><span class=\"jp_label\">\u2022 Offre et conseille directement au public un choix de diff\u00e9rents produits d\u2019assurance de dommages de plusieurs assureurs;<br \/>\n\u2022 Proc\u00e8de \u00e0 l\u2019analyse des risques qui lui sont soumis et s\u00e9lectionne le meilleur produit (qualit\u00e9\/prix) dans son march\u00e9 en fonction des besoins du client;<br \/>\n\u2022 N\u00e9gocie les conditions aupr\u00e8s des assureurs;<br \/>\n\u2022 Pr\u00e9sente une offre au client;<br \/>\n\u2022 Supervise l\u2019\u00e9mission, les modifications et les annulations de police selon le cheminement requis;<br \/>\n\u2022 Assure le suivi des renouvellements selon la liste des \u00e9ch\u00e9anciers;<br \/>\n\u2022 R\u00e9pond aux demandes de la client\u00e8le et la conseille;<br \/>\n\u2022 Proc\u00e8de au suivi et au support de son client lors d\u2019un sinistre;<br \/>\n\u2022 Toute autre t\u00e2che connexe dont la prise de notes claires et pr\u00e9cises dans les dossiers-clients.<\/span><\/p>\n<p><strong><span class=\"jp_label\">Comp\u00e9tences recherch\u00e9es<\/span><\/strong><\/p>\n<p>\u2022 D\u00e9tenir une attestation d\u2019\u00e9tudes coll\u00e9giales (AEC) en assurance de dommages;<br \/>\n\u2022 D\u00e9tenir un certificat en assurance de dommages des entreprises d\u00e9livr\u00e9 par l\u2019Autorit\u00e9 des march\u00e9s financiers en vigueur;<br \/>\n\u2022 Minimum 3 ann\u00e9es d\u2019exp\u00e9rience \u00e0 titre de courtier en assurance de dommages des entreprises;<br \/>\n\u2022 Bilinguisme en fran\u00e7ais et anglais tant \u00e0 l\u2019oral qu\u2019\u00e0 l\u2019\u00e9crit;<br \/>\n\u2022 Connaissance du logiciel Epic (un atout) et de la suite MS Office (obligatoire);<br \/>\n\u2022 Rigueur dans, notamment, l\u2019analyse du dossier d\u2019un client, l\u2019offre de produits offerts et la documentation des dossiers;<br \/>\n\u2022 Professionnalisme et courtoisie;<br \/>\n\u2022 Esprit d\u2019\u00e9quipe, entregent et facilit\u00e9 d\u2019expression.<\/p>\n<p><strong><span class=\"jp_label\">Dipl\u00f4me(s)<\/span><\/strong><\/p>\n<p style=\"font-weight: 400;\">AEC en assurance de dommages<\/p>\n<p style=\"font-weight: 400;\">Certification(s) et titre(s) professionnel(s) requis<br \/>\nAssurance de dommages des entreprises \u2013 Agent ou courtier (AMF)<\/p>\n<p><strong><span class=\"jp_label\">Ann\u00e9e(s) d\u2019exp\u00e9rience<\/span><\/strong><br \/>\n2 \u00e0 5 ans<\/p>\n<p><strong><span class=\"jp_label\">Statut<\/span><\/strong><br \/>\nPermanent<\/p>\n<p><strong><span class=\"jp_label\">Horaire<\/span><\/strong><br \/>\nTemps plein<\/p>\n<p><strong><span class=\"jp_label\">Langue(s)<\/span><\/strong><br \/>\nFran\u00e7ais : Avanc\u00e9<br \/>\nAnglais : Avanc\u00e9<\/p>\n<p>&nbsp;<\/p>\n<h1><b>COURTIER EN ASSURANCE DE DOMMAGES DES PARTICULIERS (AVEC APTITUDES VENTE)<\/b><\/h1>\n<p class=\"wrap-link\"><strong><span class=\"jp_label\">Description<\/span><\/strong><\/p>\n<p style=\"font-weight: 400;\">Le titulaire du poste est sp\u00e9cialis\u00e9 en assurance de dommages des particuliers. Il identifie et \u00e9value les risques et les besoins de son client. Il conseille l\u2019assur\u00e9 sur les produits les mieux adapt\u00e9s \u00e0 sa situation et n\u00e9gocie pour lui aupr\u00e8s de diff\u00e9rents assureurs.<\/p>\n<p><strong>Fonctions principales :<\/strong><\/p>\n<p class=\"wrap-link\">\u2022 Offre et conseille directement au public un choix de diff\u00e9rents produits d\u2019assurance de dommages de plusieurs assureurs;<br \/>\n\u2022 Proc\u00e8de \u00e0 l\u2019analyse des risques qui lui sont soumis et s\u00e9lectionne le meilleur produit (qualit\u00e9\/prix) dans son march\u00e9 en fonction des besoins du client;<br \/>\n\u2022 N\u00e9gocie les conditions aupr\u00e8s d\u2019assureurs;<br \/>\n\u2022 Pr\u00e9sente une offre au client;<br \/>\n\u2022 Supervise l\u2019\u00e9mission, modifications et annulations de police selon le cheminement requis;<br \/>\n\u2022 Assurer le suivi des renouvellements selon la liste des \u00e9ch\u00e9anciers;<br \/>\n\u2022 R\u00e9pond aux demandes de la client\u00e8le et la conseille;<br \/>\n\u2022 Proc\u00e8de au suivi et au support de son client lors d\u2019un sinistre;<br \/>\n\u2022 Toute autre t\u00e2che connexe dont la prise de notes claires et pr\u00e9cises dans les dossiers-clients.<\/p>\n<p><strong><span class=\"jp_label\">Comp\u00e9tences recherch\u00e9es<\/span><\/strong><\/p>\n<p style=\"font-weight: 400;\">Comp\u00e9tences et qualifications :<br \/>\n\u2022 D\u00e9tenir une attestation d\u2019\u00e9tudes coll\u00e9giales (AEC) en assurance de dommages;<br \/>\n\u2022 D\u00e9tenir un certificat en assurance de dommages des particuliers d\u00e9livr\u00e9 par l\u2019Autorit\u00e9 des march\u00e9s financiers en vigueur;<br \/>\n\u2022 Minimum 3 ann\u00e9es d\u2019exp\u00e9rience \u00e0 titre de courtier en assurance de dommages des particuliers;<br \/>\n\u2022 Bilinguisme en fran\u00e7ais et anglais tant \u00e0 l\u2019oral qu\u2019\u00e0 l\u2019\u00e9crit;<br \/>\n\u2022 Connaissance du logiciel Epic (un atout) et de la suite MS Office (obligatoire).<\/p>\n<p style=\"font-weight: 400;\"><strong>Qualit\u00e9s recherch\u00e9es :<\/strong><br \/>\n\u2022 Rigueur dans, notamment, l\u2019analyse du dossier d\u2019un client, l\u2019offre de produits offerts et la documentation des dossiers;<br \/>\n\u2022 Professionnalisme et courtoisie;<br \/>\n\u2022 Esprit d\u2019\u00e9quipe, entregent et facilit\u00e9 d\u2019expression.<\/p>\n<p><strong><span class=\"jp_label\">Dipl\u00f4me(s)<\/span><\/strong><\/p>\n<p style=\"font-weight: 400;\">AEC en assurance de dommages<\/p>\n<p style=\"font-weight: 400;\">Certification(s) et titre(s) professionnel(s) requis<br \/>\nAssurance de dommages des entreprises \u2013 Agent ou courtier (AMF)<\/p>\n<p><strong><span class=\"jp_label\">Ann\u00e9e(s) d\u2019exp\u00e9rience<\/span><\/strong><br \/>\n2 \u00e0 5 ans<\/p>\n<p><strong><span class=\"jp_label\">Statut<\/span><\/strong><br \/>\nPermanent<\/p>\n<p><strong><span class=\"jp_label\">Horaire<\/span><\/strong><br \/>\nTemps plein; Jour<\/p>\n<p><strong><span class=\"jp_label\">Langue(s)<\/span><\/strong><br \/>\nFran\u00e7ais : Avanc\u00e9<br \/>\nAnglais : Avanc\u00e9[\/vc_column_text][\/vc_column][vc_column width=\u00a0\u00bb1\/6&Prime;][\/vc_column][\/vc_row][vc_row css_animation=\u00a0\u00bb\u00a0\u00bb row_type=\u00a0\u00bbrow\u00a0\u00bb use_row_as_full_screen_section=\u00a0\u00bbno\u00a0\u00bb type=\u00a0\u00bbfull_width\u00a0\u00bb angled_section=\u00a0\u00bbno\u00a0\u00bb text_align=\u00a0\u00bbleft\u00a0\u00bb background_image_as_pattern=\u00a0\u00bbwithout_pattern\u00a0\u00bb][vc_column][\/vc_column][\/vc_row]<\/p>\n<\/div>","protected":false},"excerpt":{"rendered":"<p>[vc_row css_animation=\u00a0\u00bb\u00a0\u00bb row_type=\u00a0\u00bbrow\u00a0\u00bb use_row_as_full_screen_section=\u00a0\u00bbno\u00a0\u00bb type=\u00a0\u00bbfull_width\u00a0\u00bb angled_section=\u00a0\u00bbno\u00a0\u00bb text_align=\u00a0\u00bbleft\u00a0\u00bb background_image_as_pattern=\u00a0\u00bbwithout_pattern\u00a0\u00bb css=\u00a0\u00bb.vc_custom_1557253783944{padding-top: 30px !important;padding-bottom: 30px !important;background-color: #e2e1e1 !important;}\u00a0\u00bb z_index=\u00a0\u00bb\u00a0\u00bb][vc_column][vc_row_inner row_type=\u00a0\u00bbrow\u00a0\u00bb type=\u00a0\u00bbgrid\u00a0\u00bb text_align=\u00a0\u00bbleft\u00a0\u00bb css_animation=\u00a0\u00bb\u00a0\u00bb][vc_column_inner][vc_column_text] Carri\u00e8res [\/vc_column_text][\/vc_column_inner][\/vc_row_inner][\/vc_column][\/vc_row][vc_row css_animation=\u00a0\u00bb\u00a0\u00bb row_type=\u00a0\u00bbrow\u00a0\u00bb use_row_as_full_screen_section=\u00a0\u00bbno\u00a0\u00bb type=\u00a0\u00bbgrid\u00a0\u00bb angled_section=\u00a0\u00bbno\u00a0\u00bb text_align=\u00a0\u00bbleft\u00a0\u00bb background_image_as_pattern=\u00a0\u00bbwithout_pattern\u00a0\u00bb css=\u00a0\u00bb.vc_custom_1557255953511{padding-top: 15px !important;background-color: #ffffff !important;}\u00a0\u00bb z_index=\u00a0\u00bb\u00a0\u00bb][vc_column width=\u00a0\u00bb1\/2&Prime;][\/vc_column][vc_column width=\u00a0\u00bb1\/2&Prime; css=\u00a0\u00bb.vc_custom_1517944137716{padding-top: 12px !important;}\u00a0\u00bb][vc_column_text]Veuillez vous r\u00e9f\u00e9rer \u00e0 la liste&#8230;<\/p>\n","protected":false},"author":7,"featured_media":0,"parent":0,"menu_order":0,"comment_status":"closed","ping_status":"closed","template":"full_width.php","meta":{"footnotes":""},"class_list":["post-48","page","type-page","status-publish","hentry"],"yoast_head":"<!-- This site is optimized with the Yoast SEO plugin v27.1.1 - https:\/\/yoast.com\/product\/yoast-seo-wordpress\/ -->\n<title>Carri\u00e8res | M2 Assurance<\/title>\n<meta name=\"description\" content=\"En travaillant pour M2 Assurance, vous rejoindrez une \u00e9quipe dynamique, diversifi\u00e9e et innovante. Veuillez vous r\u00e9f\u00e9rer aux postes disponibles.\" \/>\n<meta name=\"robots\" content=\"index, follow, max-snippet:-1, max-image-preview:large, max-video-preview:-1\" \/>\n<link rel=\"canonical\" href=\"https:\/\/www.m2assurance.com\/fr\/carrieres\/\" \/>\n<meta property=\"og:locale\" content=\"fr_FR\" \/>\n<meta property=\"og:type\" content=\"article\" \/>\n<meta property=\"og:title\" content=\"Carri\u00e8res | M2 Assurance\" \/>\n<meta property=\"og:description\" content=\"En travaillant pour M2 Assurance, vous rejoindrez une \u00e9quipe dynamique, diversifi\u00e9e et innovante. Veuillez vous r\u00e9f\u00e9rer aux postes disponibles.\" \/>\n<meta property=\"og:url\" content=\"https:\/\/www.m2assurance.com\/fr\/carrieres\/\" \/>\n<meta property=\"og:site_name\" content=\"M2 Assurance\" \/>\n<meta property=\"article:modified_time\" content=\"2023-07-10T18:07:38+00:00\" \/>\n<meta name=\"twitter:card\" content=\"summary_large_image\" \/>\n<meta name=\"twitter:label1\" content=\"Dur\u00e9e de lecture estim\u00e9e\" \/>\n\t<meta name=\"twitter:data1\" content=\"5 minutes\" \/>\n<script type=\"application\/ld+json\" class=\"yoast-schema-graph\">{\"@context\":\"https:\/\/schema.org\",\"@graph\":[{\"@type\":\"WebPage\",\"@id\":\"https:\/\/www.m2assurance.com\/fr\/carrieres\/\",\"url\":\"https:\/\/www.m2assurance.com\/fr\/carrieres\/\",\"name\":\"Carri\u00e8res | M2 Assurance\",\"isPartOf\":{\"@id\":\"https:\/\/www.m2assurance.com\/fr\/#website\"},\"datePublished\":\"2018-02-06T16:29:21+00:00\",\"dateModified\":\"2023-07-10T18:07:38+00:00\",\"description\":\"En travaillant pour M2 Assurance, vous rejoindrez une \u00e9quipe dynamique, diversifi\u00e9e et innovante. Veuillez vous r\u00e9f\u00e9rer aux postes disponibles.\",\"breadcrumb\":{\"@id\":\"https:\/\/www.m2assurance.com\/fr\/carrieres\/#breadcrumb\"},\"inLanguage\":\"fr-FR\",\"potentialAction\":[{\"@type\":\"ReadAction\",\"target\":[\"https:\/\/www.m2assurance.com\/fr\/carrieres\/\"]}]},{\"@type\":\"BreadcrumbList\",\"@id\":\"https:\/\/www.m2assurance.com\/fr\/carrieres\/#breadcrumb\",\"itemListElement\":[{\"@type\":\"ListItem\",\"position\":1,\"name\":\"Home\",\"item\":\"https:\/\/www.m2assurance.com\/fr\/\"},{\"@type\":\"ListItem\",\"position\":2,\"name\":\"Carri\u00e8res\"}]},{\"@type\":\"WebSite\",\"@id\":\"https:\/\/www.m2assurance.com\/fr\/#website\",\"url\":\"https:\/\/www.m2assurance.com\/fr\/\",\"name\":\"M2 Assurance\",\"description\":\"\",\"potentialAction\":[{\"@type\":\"SearchAction\",\"target\":{\"@type\":\"EntryPoint\",\"urlTemplate\":\"https:\/\/www.m2assurance.com\/fr\/?s={search_term_string}\"},\"query-input\":{\"@type\":\"PropertyValueSpecification\",\"valueRequired\":true,\"valueName\":\"search_term_string\"}}],\"inLanguage\":\"fr-FR\"}]}<\/script>\n<!-- \/ Yoast SEO plugin. -->","yoast_head_json":{"title":"Carri\u00e8res | M2 Assurance","description":"En travaillant pour M2 Assurance, vous rejoindrez une \u00e9quipe dynamique, diversifi\u00e9e et innovante. Veuillez vous r\u00e9f\u00e9rer aux postes disponibles.","robots":{"index":"index","follow":"follow","max-snippet":"max-snippet:-1","max-image-preview":"max-image-preview:large","max-video-preview":"max-video-preview:-1"},"canonical":"https:\/\/www.m2assurance.com\/fr\/carrieres\/","og_locale":"fr_FR","og_type":"article","og_title":"Carri\u00e8res | M2 Assurance","og_description":"En travaillant pour M2 Assurance, vous rejoindrez une \u00e9quipe dynamique, diversifi\u00e9e et innovante. Veuillez vous r\u00e9f\u00e9rer aux postes disponibles.","og_url":"https:\/\/www.m2assurance.com\/fr\/carrieres\/","og_site_name":"M2 Assurance","article_modified_time":"2023-07-10T18:07:38+00:00","twitter_card":"summary_large_image","twitter_misc":{"Dur\u00e9e de lecture estim\u00e9e":"5 minutes"},"schema":{"@context":"https:\/\/schema.org","@graph":[{"@type":"WebPage","@id":"https:\/\/www.m2assurance.com\/fr\/carrieres\/","url":"https:\/\/www.m2assurance.com\/fr\/carrieres\/","name":"Carri\u00e8res | M2 Assurance","isPartOf":{"@id":"https:\/\/www.m2assurance.com\/fr\/#website"},"datePublished":"2018-02-06T16:29:21+00:00","dateModified":"2023-07-10T18:07:38+00:00","description":"En travaillant pour M2 Assurance, vous rejoindrez une \u00e9quipe dynamique, diversifi\u00e9e et innovante. Veuillez vous r\u00e9f\u00e9rer aux postes disponibles.","breadcrumb":{"@id":"https:\/\/www.m2assurance.com\/fr\/carrieres\/#breadcrumb"},"inLanguage":"fr-FR","potentialAction":[{"@type":"ReadAction","target":["https:\/\/www.m2assurance.com\/fr\/carrieres\/"]}]},{"@type":"BreadcrumbList","@id":"https:\/\/www.m2assurance.com\/fr\/carrieres\/#breadcrumb","itemListElement":[{"@type":"ListItem","position":1,"name":"Home","item":"https:\/\/www.m2assurance.com\/fr\/"},{"@type":"ListItem","position":2,"name":"Carri\u00e8res"}]},{"@type":"WebSite","@id":"https:\/\/www.m2assurance.com\/fr\/#website","url":"https:\/\/www.m2assurance.com\/fr\/","name":"M2 Assurance","description":"","potentialAction":[{"@type":"SearchAction","target":{"@type":"EntryPoint","urlTemplate":"https:\/\/www.m2assurance.com\/fr\/?s={search_term_string}"},"query-input":{"@type":"PropertyValueSpecification","valueRequired":true,"valueName":"search_term_string"}}],"inLanguage":"fr-FR"}]}},"_links":{"self":[{"href":"https:\/\/www.m2assurance.com\/fr\/wp-json\/wp\/v2\/pages\/48","targetHints":{"allow":["GET"]}}],"collection":[{"href":"https:\/\/www.m2assurance.com\/fr\/wp-json\/wp\/v2\/pages"}],"about":[{"href":"https:\/\/www.m2assurance.com\/fr\/wp-json\/wp\/v2\/types\/page"}],"author":[{"embeddable":true,"href":"https:\/\/www.m2assurance.com\/fr\/wp-json\/wp\/v2\/users\/7"}],"replies":[{"embeddable":true,"href":"https:\/\/www.m2assurance.com\/fr\/wp-json\/wp\/v2\/comments?post=48"}],"version-history":[{"count":12,"href":"https:\/\/www.m2assurance.com\/fr\/wp-json\/wp\/v2\/pages\/48\/revisions"}],"predecessor-version":[{"id":1527,"href":"https:\/\/www.m2assurance.com\/fr\/wp-json\/wp\/v2\/pages\/48\/revisions\/1527"}],"wp:attachment":[{"href":"https:\/\/www.m2assurance.com\/fr\/wp-json\/wp\/v2\/media?parent=48"}],"curies":[{"name":"wp","href":"https:\/\/api.w.org\/{rel}","templated":true}]}}