{"id":52,"date":"2018-02-06T16:29:39","date_gmt":"2018-02-06T16:29:39","guid":{"rendered":"http:\/\/m2assurance.com\/?page_id=52"},"modified":"2025-02-28T07:43:45","modified_gmt":"2025-02-28T12:43:45","slug":"en-cas-de-sinistre","status":"publish","type":"page","link":"https:\/\/www.m2assurance.com\/fr\/en-cas-de-sinistre\/","title":{"rendered":"En cas de sinistre"},"content":{"rendered":"<div class=\"wpb-content-wrapper\"><p>[vc_row css_animation=\u00a0\u00bb\u00a0\u00bb row_type=\u00a0\u00bbrow\u00a0\u00bb use_row_as_full_screen_section=\u00a0\u00bbno\u00a0\u00bb type=\u00a0\u00bbfull_width\u00a0\u00bb angled_section=\u00a0\u00bbno\u00a0\u00bb text_align=\u00a0\u00bbleft\u00a0\u00bb background_image_as_pattern=\u00a0\u00bbwithout_pattern\u00a0\u00bb css=\u00a0\u00bb.vc_custom_1557253783944{padding-top: 30px !important;padding-bottom: 30px !important;background-color: #e2e1e1 !important;}\u00a0\u00bb z_index=\u00a0\u00bb\u00a0\u00bb][vc_column][vc_row_inner row_type=\u00a0\u00bbrow\u00a0\u00bb type=\u00a0\u00bbgrid\u00a0\u00bb text_align=\u00a0\u00bbleft\u00a0\u00bb css_animation=\u00a0\u00bb\u00a0\u00bb][vc_column_inner][vc_column_text]<\/p>\n<h1>En cas de sinistre<\/h1>\n<p>[\/vc_column_text][vc_column_text]<\/p>\n<p style=\"font-weight: 400;\">Vous avez subi un sinistre? Veuillez communiquer avec votre courtier au\u00a0<a class=\"inner_page_top\" href=\"tel:(855)%20425-0505\">1-855-425-0505<\/a>\u00a0afin de vous guider pour l\u2019ouverture de votre r\u00e9clamation.<\/p>\n<p>En dehors des heures d\u2019ouverture, contactez directement le service de r\u00e9clamation de votre assureur au num\u00e9ro indiqu\u00e9 ci-dessous.[\/vc_column_text][\/vc_column_inner][\/vc_row_inner][\/vc_column][\/vc_row][vc_row css_animation=\u00a0\u00bb\u00a0\u00bb row_type=\u00a0\u00bbrow\u00a0\u00bb use_row_as_full_screen_section=\u00a0\u00bbno\u00a0\u00bb type=\u00a0\u00bbgrid\u00a0\u00bb angled_section=\u00a0\u00bbno\u00a0\u00bb text_align=\u00a0\u00bbleft\u00a0\u00bb background_image_as_pattern=\u00a0\u00bbwithout_pattern\u00a0\u00bb css=\u00a0\u00bb.vc_custom_1557255626610{margin-top: 30px !important;padding-top: 30px !important;padding-bottom: 30px !important;background-color: #ffffff !important;}\u00a0\u00bb z_index=\u00a0\u00bb\u00a0\u00bb][vc_column width=\u00a0\u00bb1\/3&Prime;][vc_column_text]<\/p>\n<h2><strong>Aviva<\/strong><\/h2>\n<p>[\/vc_column_text][vc_column_text]<a href=\"tel:(866)%20692-8482\" target=\"_blank\" rel=\"noopener noreferrer\">1-866-692-8482<\/a>[\/vc_column_text][vc_column_text]<a href=\"https:\/\/www.avivacanada.com\/fr\" target=\"_blank\" rel=\"noopener noreferrer\">site web<\/a>[\/vc_column_text][\/vc_column][vc_column width=\u00a0\u00bb1\/3&Prime;][vc_column_text]<\/p>\n<h2><b>Economical<\/b><\/h2>\n<p>[\/vc_column_text][vc_column_text]<a href=\"tel:(888)%20875-8088\" target=\"_blank\" rel=\"noopener noreferrer\">1-888-875-8088<\/a>[\/vc_column_text][vc_column_text]<a href=\"https:\/\/www.economicalinsurance.com\/fr\/\" target=\"_blank\" rel=\"noopener noreferrer\">site web<\/a>[\/vc_column_text][\/vc_column][vc_column width=\u00a0\u00bb1\/3&Prime;][vc_column_text]<\/p>\n<h2><b>Intact<\/b><\/h2>\n<p>[\/vc_column_text][vc_column_text]<a href=\"tel:(866)%20464-2424\" target=\"_blank\" rel=\"noopener noreferrer\">1-866-464-2424<\/a>[\/vc_column_text][vc_column_text]<a href=\"https:\/\/www.intact.ca\/accueil\" target=\"_blank\" rel=\"noopener noreferrer\">site web<\/a>[\/vc_column_text][\/vc_column][\/vc_row][vc_row css_animation=\u00a0\u00bb\u00a0\u00bb row_type=\u00a0\u00bbrow\u00a0\u00bb use_row_as_full_screen_section=\u00a0\u00bbno\u00a0\u00bb type=\u00a0\u00bbgrid\u00a0\u00bb angled_section=\u00a0\u00bbno\u00a0\u00bb text_align=\u00a0\u00bbleft\u00a0\u00bb background_image_as_pattern=\u00a0\u00bbwithout_pattern\u00a0\u00bb z_index=\u00a0\u00bb\u00a0\u00bb][vc_column][vc_separator type=\u00a0\u00bbnormal\u00a0\u00bb color=\u00a0\u00bb#ef4e23&Prime; thickness=\u00a0\u00bb4&Prime;][\/vc_column][\/vc_row][vc_row css_animation=\u00a0\u00bb\u00a0\u00bb row_type=\u00a0\u00bbrow\u00a0\u00bb use_row_as_full_screen_section=\u00a0\u00bbno\u00a0\u00bb type=\u00a0\u00bbgrid\u00a0\u00bb angled_section=\u00a0\u00bbno\u00a0\u00bb text_align=\u00a0\u00bbleft\u00a0\u00bb background_image_as_pattern=\u00a0\u00bbwithout_pattern\u00a0\u00bb css=\u00a0\u00bb.vc_custom_1557255643399{padding-top: 30px !important;padding-bottom: 30px !important;background-color: #ffffff !important;}\u00a0\u00bb z_index=\u00a0\u00bb\u00a0\u00bb][vc_column width=\u00a0\u00bb1\/3&Prime;][vc_column_text]<\/p>\n<h2><b>L\u2019Unique<\/b><\/h2>\n<p>[\/vc_column_text][vc_column_text]<a href=\"tel:(800)%20463-4800\" target=\"_blank\" rel=\"noopener noreferrer\">1-800-463-4800<\/a>[\/vc_column_text][vc_column_text]<a href=\"http:\/\/www.lunique.qc.ca\/cms\/accueil\" target=\"_blank\" rel=\"noopener noreferrer\">site web<\/a>[\/vc_column_text][\/vc_column][vc_column width=\u00a0\u00bb1\/3&Prime;][vc_column_text]<\/p>\n<h2><b>La Garantie<\/b><\/h2>\n<p>[\/vc_column_text][vc_column_text]<a href=\"tel:(888)%20998-1872\" target=\"_blank\" rel=\"noopener noreferrer\">1-888-998-1872<\/a>[\/vc_column_text][vc_column_text]<a href=\"http:\/\/www.theguarantee.com\/fr\/\" target=\"_blank\" rel=\"noopener noreferrer\">site web<\/a>[\/vc_column_text][\/vc_column][vc_column width=\u00a0\u00bb1\/3&Prime;][vc_column_text]<\/p>\n<h2><b>La Souveraine<\/b><\/h2>\n<p>[\/vc_column_text][vc_column_text]<a href=\"tel:(877)%20268-5888\" target=\"_blank\" rel=\"noopener noreferrer\">1-877-268-5888<\/a>[\/vc_column_text][vc_column_text]<a href=\"https:\/\/www.lasouverainegenerale.com\/\" target=\"_blank\" rel=\"noopener noreferrer\">site web<\/a>[\/vc_column_text][\/vc_column][\/vc_row][vc_row css_animation=\u00a0\u00bb\u00a0\u00bb row_type=\u00a0\u00bbrow\u00a0\u00bb use_row_as_full_screen_section=\u00a0\u00bbno\u00a0\u00bb type=\u00a0\u00bbgrid\u00a0\u00bb angled_section=\u00a0\u00bbno\u00a0\u00bb text_align=\u00a0\u00bbleft\u00a0\u00bb background_image_as_pattern=\u00a0\u00bbwithout_pattern\u00a0\u00bb z_index=\u00a0\u00bb\u00a0\u00bb][vc_column][vc_separator type=\u00a0\u00bbnormal\u00a0\u00bb color=\u00a0\u00bb#ef4e23&Prime; thickness=\u00a0\u00bb4&Prime;][\/vc_column][\/vc_row][vc_row css_animation=\u00a0\u00bb\u00a0\u00bb row_type=\u00a0\u00bbrow\u00a0\u00bb use_row_as_full_screen_section=\u00a0\u00bbno\u00a0\u00bb type=\u00a0\u00bbgrid\u00a0\u00bb angled_section=\u00a0\u00bbno\u00a0\u00bb text_align=\u00a0\u00bbleft\u00a0\u00bb background_image_as_pattern=\u00a0\u00bbwithout_pattern\u00a0\u00bb css=\u00a0\u00bb.vc_custom_1557255757549{padding-top: 30px !important;padding-bottom: 30px !important;background-color: #ffffff !important;}\u00a0\u00bb z_index=\u00a0\u00bb\u00a0\u00bb][vc_column width=\u00a0\u00bb1\/3&Prime;][vc_column_text]<\/p>\n<h2><b>Northbridge<\/b><\/h2>\n<p>[\/vc_column_text][vc_column_text]<a href=\"tel:(855)%20621-6262\" target=\"_blank\" rel=\"noopener noreferrer\">1-855-621-6262<\/a>[\/vc_column_text][vc_column_text]<a href=\"https:\/\/www.nbins.com\/fr\/\" target=\"_blank\" rel=\"noopener noreferrer\">site web<\/a>[\/vc_column_text][\/vc_column][vc_column width=\u00a0\u00bb1\/3&Prime;][vc_column_text]<\/p>\n<h2><b>PAFCO<\/b><\/h2>\n<p>[\/vc_column_text][vc_column_text]<a href=\"tel:(877)%20463-2727\" target=\"_blank\" rel=\"noopener noreferrer\">1-877-463-2727<\/a>[\/vc_column_text][vc_column_text]<a href=\"https:\/\/www.pafco.ca\/\" target=\"_blank\" rel=\"noopener noreferrer\">site web<\/a>[\/vc_column_text][\/vc_column][vc_column width=\u00a0\u00bb1\/3&Prime;][vc_column_text css=\u00a0\u00bb\u00a0\u00bb]<\/p>\n<h2><b>Echelon<\/b><\/h2>\n<p>[\/vc_column_text][vc_column_text css=\u00a0\u00bb\u00a0\u00bb]<a href=\"tel:(800)%20441-1341\" target=\"_blank\" rel=\"noopener noreferrer\">1-866-651-2880<\/a>[\/vc_column_text][vc_column_text css=\u00a0\u00bb\u00a0\u00bb]<a href=\"https:\/\/echelonassurance.ca\/clients\/declarations-de-sinistre\/faire-une-declaration-de-sinistre\/\">site web<\/a>[\/vc_column_text][\/vc_column][\/vc_row][vc_row css_animation=\u00a0\u00bb\u00a0\u00bb row_type=\u00a0\u00bbrow\u00a0\u00bb use_row_as_full_screen_section=\u00a0\u00bbno\u00a0\u00bb type=\u00a0\u00bbgrid\u00a0\u00bb angled_section=\u00a0\u00bbno\u00a0\u00bb text_align=\u00a0\u00bbleft\u00a0\u00bb background_image_as_pattern=\u00a0\u00bbwithout_pattern\u00a0\u00bb z_index=\u00a0\u00bb\u00a0\u00bb][vc_column][vc_separator type=\u00a0\u00bbnormal\u00a0\u00bb color=\u00a0\u00bb#ef4e23&Prime; thickness=\u00a0\u00bb4&Prime;][\/vc_column][\/vc_row][vc_row css_animation=\u00a0\u00bb\u00a0\u00bb row_type=\u00a0\u00bbrow\u00a0\u00bb use_row_as_full_screen_section=\u00a0\u00bbno\u00a0\u00bb type=\u00a0\u00bbgrid\u00a0\u00bb angled_section=\u00a0\u00bbno\u00a0\u00bb text_align=\u00a0\u00bbleft\u00a0\u00bb background_image_as_pattern=\u00a0\u00bbwithout_pattern\u00a0\u00bb css=\u00a0\u00bb.vc_custom_1557255654472{margin-bottom: 35px !important;padding-top: 30px !important;padding-bottom: 30px !important;background-color: #ffffff !important;}\u00a0\u00bb z_index=\u00a0\u00bb\u00a0\u00bb][vc_column width=\u00a0\u00bb1\/3&Prime;][\/vc_column][vc_column width=\u00a0\u00bb1\/3&Prime;][\/vc_column][vc_column width=\u00a0\u00bb1\/3&Prime;][\/vc_column][\/vc_row]<\/p>\n<\/div>","protected":false},"excerpt":{"rendered":"<p>[vc_row css_animation=\u00a0\u00bb\u00a0\u00bb row_type=\u00a0\u00bbrow\u00a0\u00bb use_row_as_full_screen_section=\u00a0\u00bbno\u00a0\u00bb type=\u00a0\u00bbfull_width\u00a0\u00bb angled_section=\u00a0\u00bbno\u00a0\u00bb text_align=\u00a0\u00bbleft\u00a0\u00bb background_image_as_pattern=\u00a0\u00bbwithout_pattern\u00a0\u00bb css=\u00a0\u00bb.vc_custom_1557253783944{padding-top: 30px !important;padding-bottom: 30px !important;background-color: #e2e1e1 !important;}\u00a0\u00bb z_index=\u00a0\u00bb\u00a0\u00bb][vc_column][vc_row_inner row_type=\u00a0\u00bbrow\u00a0\u00bb type=\u00a0\u00bbgrid\u00a0\u00bb text_align=\u00a0\u00bbleft\u00a0\u00bb css_animation=\u00a0\u00bb\u00a0\u00bb][vc_column_inner][vc_column_text] En cas de sinistre [\/vc_column_text][vc_column_text] Vous avez subi un sinistre? Veuillez communiquer avec votre courtier au\u00a01-855-425-0505\u00a0afin de vous guider pour l\u2019ouverture de votre r\u00e9clamation. En&#8230;<\/p>\n","protected":false},"author":7,"featured_media":0,"parent":0,"menu_order":0,"comment_status":"closed","ping_status":"closed","template":"full_width.php","meta":{"footnotes":""},"class_list":["post-52","page","type-page","status-publish","hentry"],"yoast_head":"<!-- This site is optimized with the Yoast SEO plugin v27.1.1 - https:\/\/yoast.com\/product\/yoast-seo-wordpress\/ -->\n<title>En cas de sinistre | M2 Assurance<\/title>\n<meta name=\"description\" content=\"En cas de sinistre, contactez votre courtier au 514-425-0505. Si nous sommes ferm\u00e9s, vous pouvez trouver le contact du service de r\u00e9clamation de votre assureur.\" \/>\n<meta name=\"robots\" content=\"index, follow, max-snippet:-1, max-image-preview:large, max-video-preview:-1\" \/>\n<link rel=\"canonical\" href=\"https:\/\/www.m2assurance.com\/fr\/en-cas-de-sinistre\/\" \/>\n<meta property=\"og:locale\" content=\"fr_FR\" \/>\n<meta property=\"og:type\" content=\"article\" \/>\n<meta property=\"og:title\" content=\"En cas de sinistre | M2 Assurance\" \/>\n<meta property=\"og:description\" content=\"En cas de sinistre, contactez votre courtier au 514-425-0505. Si nous sommes ferm\u00e9s, vous pouvez trouver le contact du service de r\u00e9clamation de votre assureur.\" \/>\n<meta property=\"og:url\" content=\"https:\/\/www.m2assurance.com\/fr\/en-cas-de-sinistre\/\" \/>\n<meta property=\"og:site_name\" content=\"M2 Assurance\" \/>\n<meta property=\"article:modified_time\" content=\"2025-02-28T12:43:45+00:00\" \/>\n<meta name=\"twitter:card\" content=\"summary_large_image\" \/>\n<meta name=\"twitter:label1\" content=\"Dur\u00e9e de lecture estim\u00e9e\" \/>\n\t<meta name=\"twitter:data1\" content=\"2 minutes\" \/>\n<script type=\"application\/ld+json\" class=\"yoast-schema-graph\">{\"@context\":\"https:\/\/schema.org\",\"@graph\":[{\"@type\":\"WebPage\",\"@id\":\"https:\/\/www.m2assurance.com\/fr\/en-cas-de-sinistre\/\",\"url\":\"https:\/\/www.m2assurance.com\/fr\/en-cas-de-sinistre\/\",\"name\":\"En cas de sinistre | M2 Assurance\",\"isPartOf\":{\"@id\":\"https:\/\/www.m2assurance.com\/fr\/#website\"},\"datePublished\":\"2018-02-06T16:29:39+00:00\",\"dateModified\":\"2025-02-28T12:43:45+00:00\",\"description\":\"En cas de sinistre, contactez votre courtier au 514-425-0505. Si nous sommes ferm\u00e9s, vous pouvez trouver le contact du service de r\u00e9clamation de votre assureur.\",\"breadcrumb\":{\"@id\":\"https:\/\/www.m2assurance.com\/fr\/en-cas-de-sinistre\/#breadcrumb\"},\"inLanguage\":\"fr-FR\",\"potentialAction\":[{\"@type\":\"ReadAction\",\"target\":[\"https:\/\/www.m2assurance.com\/fr\/en-cas-de-sinistre\/\"]}]},{\"@type\":\"BreadcrumbList\",\"@id\":\"https:\/\/www.m2assurance.com\/fr\/en-cas-de-sinistre\/#breadcrumb\",\"itemListElement\":[{\"@type\":\"ListItem\",\"position\":1,\"name\":\"Home\",\"item\":\"https:\/\/www.m2assurance.com\/fr\/\"},{\"@type\":\"ListItem\",\"position\":2,\"name\":\"En cas de sinistre\"}]},{\"@type\":\"WebSite\",\"@id\":\"https:\/\/www.m2assurance.com\/fr\/#website\",\"url\":\"https:\/\/www.m2assurance.com\/fr\/\",\"name\":\"M2 Assurance\",\"description\":\"\",\"potentialAction\":[{\"@type\":\"SearchAction\",\"target\":{\"@type\":\"EntryPoint\",\"urlTemplate\":\"https:\/\/www.m2assurance.com\/fr\/?s={search_term_string}\"},\"query-input\":{\"@type\":\"PropertyValueSpecification\",\"valueRequired\":true,\"valueName\":\"search_term_string\"}}],\"inLanguage\":\"fr-FR\"}]}<\/script>\n<!-- \/ Yoast SEO plugin. -->","yoast_head_json":{"title":"En cas de sinistre | M2 Assurance","description":"En cas de sinistre, contactez votre courtier au 514-425-0505. Si nous sommes ferm\u00e9s, vous pouvez trouver le contact du service de r\u00e9clamation de votre assureur.","robots":{"index":"index","follow":"follow","max-snippet":"max-snippet:-1","max-image-preview":"max-image-preview:large","max-video-preview":"max-video-preview:-1"},"canonical":"https:\/\/www.m2assurance.com\/fr\/en-cas-de-sinistre\/","og_locale":"fr_FR","og_type":"article","og_title":"En cas de sinistre | M2 Assurance","og_description":"En cas de sinistre, contactez votre courtier au 514-425-0505. Si nous sommes ferm\u00e9s, vous pouvez trouver le contact du service de r\u00e9clamation de votre assureur.","og_url":"https:\/\/www.m2assurance.com\/fr\/en-cas-de-sinistre\/","og_site_name":"M2 Assurance","article_modified_time":"2025-02-28T12:43:45+00:00","twitter_card":"summary_large_image","twitter_misc":{"Dur\u00e9e de lecture estim\u00e9e":"2 minutes"},"schema":{"@context":"https:\/\/schema.org","@graph":[{"@type":"WebPage","@id":"https:\/\/www.m2assurance.com\/fr\/en-cas-de-sinistre\/","url":"https:\/\/www.m2assurance.com\/fr\/en-cas-de-sinistre\/","name":"En cas de sinistre | M2 Assurance","isPartOf":{"@id":"https:\/\/www.m2assurance.com\/fr\/#website"},"datePublished":"2018-02-06T16:29:39+00:00","dateModified":"2025-02-28T12:43:45+00:00","description":"En cas de sinistre, contactez votre courtier au 514-425-0505. Si nous sommes ferm\u00e9s, vous pouvez trouver le contact du service de r\u00e9clamation de votre assureur.","breadcrumb":{"@id":"https:\/\/www.m2assurance.com\/fr\/en-cas-de-sinistre\/#breadcrumb"},"inLanguage":"fr-FR","potentialAction":[{"@type":"ReadAction","target":["https:\/\/www.m2assurance.com\/fr\/en-cas-de-sinistre\/"]}]},{"@type":"BreadcrumbList","@id":"https:\/\/www.m2assurance.com\/fr\/en-cas-de-sinistre\/#breadcrumb","itemListElement":[{"@type":"ListItem","position":1,"name":"Home","item":"https:\/\/www.m2assurance.com\/fr\/"},{"@type":"ListItem","position":2,"name":"En cas de sinistre"}]},{"@type":"WebSite","@id":"https:\/\/www.m2assurance.com\/fr\/#website","url":"https:\/\/www.m2assurance.com\/fr\/","name":"M2 Assurance","description":"","potentialAction":[{"@type":"SearchAction","target":{"@type":"EntryPoint","urlTemplate":"https:\/\/www.m2assurance.com\/fr\/?s={search_term_string}"},"query-input":{"@type":"PropertyValueSpecification","valueRequired":true,"valueName":"search_term_string"}}],"inLanguage":"fr-FR"}]}},"_links":{"self":[{"href":"https:\/\/www.m2assurance.com\/fr\/wp-json\/wp\/v2\/pages\/52","targetHints":{"allow":["GET"]}}],"collection":[{"href":"https:\/\/www.m2assurance.com\/fr\/wp-json\/wp\/v2\/pages"}],"about":[{"href":"https:\/\/www.m2assurance.com\/fr\/wp-json\/wp\/v2\/types\/page"}],"author":[{"embeddable":true,"href":"https:\/\/www.m2assurance.com\/fr\/wp-json\/wp\/v2\/users\/7"}],"replies":[{"embeddable":true,"href":"https:\/\/www.m2assurance.com\/fr\/wp-json\/wp\/v2\/comments?post=52"}],"version-history":[{"count":17,"href":"https:\/\/www.m2assurance.com\/fr\/wp-json\/wp\/v2\/pages\/52\/revisions"}],"predecessor-version":[{"id":1786,"href":"https:\/\/www.m2assurance.com\/fr\/wp-json\/wp\/v2\/pages\/52\/revisions\/1786"}],"wp:attachment":[{"href":"https:\/\/www.m2assurance.com\/fr\/wp-json\/wp\/v2\/media?parent=52"}],"curies":[{"name":"wp","href":"https:\/\/api.w.org\/{rel}","templated":true}]}}